{"id":4797,"date":"2025-11-10T09:15:24","date_gmt":"2025-11-10T08:15:24","guid":{"rendered":"https:\/\/pfarrverband-passau-heining.de\/kinderhaus-heining\/?page_id=4797"},"modified":"2025-12-03T12:19:57","modified_gmt":"2025-12-03T11:19:57","slug":"kindergartenverein","status":"publish","type":"page","link":"https:\/\/pfarrverband-passau-heining.de\/kinderhaus-heining\/kindergartenverein\/","title":{"rendered":"Kindergartenverein"},"content":{"rendered":"\t\t<div data-elementor-type=\"wp-page\" data-elementor-id=\"4797\" class=\"elementor elementor-4797\" data-elementor-post-type=\"page\">\n\t\t\t\t\t\t<section class=\"elementor-section elementor-top-section elementor-element elementor-element-80591d4 elementor-section-boxed elementor-section-height-default elementor-section-height-default\" data-id=\"80591d4\" data-element_type=\"section\" data-e-type=\"section\">\n\t\t\t\t\t\t<div class=\"elementor-container elementor-column-gap-default\">\n\t\t\t\t\t<div class=\"elementor-column elementor-col-100 elementor-top-column elementor-element elementor-element-d63a0d7\" data-id=\"d63a0d7\" data-element_type=\"column\" data-e-type=\"column\">\n\t\t\t<div class=\"elementor-widget-wrap elementor-element-populated\">\n\t\t\t\t\t\t<div class=\"elementor-element elementor-element-621bde3 elementor-widget elementor-widget-image\" data-id=\"621bde3\" data-element_type=\"widget\" data-e-type=\"widget\" data-widget_type=\"image.default\">\n\t\t\t\t<div class=\"elementor-widget-container\">\n\t\t\t\t\t\t\t\t\t\t\t\t\t\t\t<img fetchpriority=\"high\" decoding=\"async\" width=\"454\" height=\"118\" src=\"https:\/\/pfarrverband-passau-heining.de\/kinderhaus-heining\/wp-content\/uploads\/sites\/2\/2025\/12\/Kindergartenverein-Heining-e.V.png\" class=\"attachment-large size-large wp-image-4850\" alt=\"\" srcset=\"https:\/\/pfarrverband-passau-heining.de\/kinderhaus-heining\/wp-content\/uploads\/sites\/2\/2025\/12\/Kindergartenverein-Heining-e.V.png 454w, https:\/\/pfarrverband-passau-heining.de\/kinderhaus-heining\/wp-content\/uploads\/sites\/2\/2025\/12\/Kindergartenverein-Heining-e.V-300x78.png 300w\" sizes=\"(max-width: 454px) 100vw, 454px\" \/>\t\t\t\t\t\t\t\t\t\t\t\t\t\t\t<\/div>\n\t\t\t\t<\/div>\n\t\t\t\t\t<\/div>\n\t\t<\/div>\n\t\t\t\t\t<\/div>\n\t\t<\/section>\n\t\t\t\t<section class=\"elementor-section elementor-top-section elementor-element elementor-element-80ace3a elementor-section-boxed elementor-section-height-default elementor-section-height-default\" data-id=\"80ace3a\" data-element_type=\"section\" data-e-type=\"section\">\n\t\t\t\t\t\t<div class=\"elementor-container elementor-column-gap-default\">\n\t\t\t\t\t<div class=\"elementor-column elementor-col-66 elementor-top-column elementor-element elementor-element-9077ece\" data-id=\"9077ece\" data-element_type=\"column\" data-e-type=\"column\">\n\t\t\t<div class=\"elementor-widget-wrap elementor-element-populated\">\n\t\t\t\t\t\t<div class=\"elementor-element elementor-element-434167b elementor-widget elementor-widget-text-editor\" data-id=\"434167b\" data-element_type=\"widget\" data-e-type=\"widget\" data-widget_type=\"text-editor.default\">\n\t\t\t\t<div class=\"elementor-widget-container\">\n\t\t\t\t\t\t\t\t\t<p>Der F\u00f6rderverein, urspr\u00fcnglich als Finanzierungsverein zum Neubau des Kindergartens im Juni 1960 gegr\u00fcndet, hat 150 Mitglieder, seine Aufgaben haben sich seither gewandelt:<\/p><p>Wir unterst\u00fctzen das Kinderhaus mit finanziellen Mitteln, dort wo der Tr\u00e4ger diese Kosten nicht \u00fcbernimmt und es f\u00fcr die Kinder zur Entwicklung und F\u00f6rderung notwendig sowie sinnvoll ist. Das sind z.B. die Anschaffung von Spielger\u00e4ten, Kleinm\u00f6beln, B\u00fcchern, Gruppenausfl\u00fcgen usw.<br \/>Jedes Jahr bereichern wir das Sommerfest des Kinderhauses mit einem Beitrag, pflegen den Kontakt zu unseren Familien und zeigen die \u201eAktivit\u00e4ten\u201c des Vereins.<\/p><p>Dieses lebendige Miteinander braucht viele Unterst\u00fctzer. Wir bitten Sie herzlich:\u00a0 <strong>Werden Sie Mitglied im Kindergarten-F\u00f6rderverein!<\/strong><strong><br \/><\/strong>Der Kindergartenverein Heining e.V. besteht aus verbundenen oder ehemaligen Eltern und sonstigen G\u00f6nnern unseres Kinderhauses.<\/p>\t\t\t\t\t\t\t\t<\/div>\n\t\t\t\t<\/div>\n\t\t\t\t\t<\/div>\n\t\t<\/div>\n\t\t\t\t<div class=\"elementor-column elementor-col-33 elementor-top-column elementor-element elementor-element-1256947\" data-id=\"1256947\" data-element_type=\"column\" data-e-type=\"column\">\n\t\t\t<div class=\"elementor-widget-wrap elementor-element-populated\">\n\t\t\t\t\t\t<div class=\"elementor-element elementor-element-5495fd2 elementor-widget elementor-widget-text-editor\" data-id=\"5495fd2\" data-element_type=\"widget\" data-e-type=\"widget\" data-widget_type=\"text-editor.default\">\n\t\t\t\t<div class=\"elementor-widget-container\">\n\t\t\t\t\t\t\t\t\t<p><strong>Sie wollen Mitglied beim Kindergartenverein Heining e.V. werden? <\/strong><\/p><p>F\u00fcllen Sie dazu einfach das <a href=\"https:\/\/pfarrverband-passau-heining.de\/kinderhaus-heining\/wp-content\/uploads\/sites\/2\/2025\/12\/Aufnahmeformular_Kindergartenverein_Heining_e.V._ausfuellbar.pdf\" target=\"_blank\" rel=\"noopener\"><span style=\"text-decoration: underline;\"><strong>Aufnahmeformular als PDF<\/strong><\/span><\/a> bequem am Computer aus, unterschreiben Sie es und geben Sie es im Kinderhaus ab. Vielen herzlichen Dank f\u00fcr Ihre M\u00fchen!<\/p>\t\t\t\t\t\t\t\t<\/div>\n\t\t\t\t<\/div>\n\t\t\t\t<div class=\"elementor-element elementor-element-df918aa elementor-widget elementor-widget-image\" data-id=\"df918aa\" data-element_type=\"widget\" data-e-type=\"widget\" data-widget_type=\"image.default\">\n\t\t\t\t<div class=\"elementor-widget-container\">\n\t\t\t\t\t\t\t\t\t\t\t\t\t\t\t\t<a href=\"https:\/\/pfarrverband-passau-heining.de\/kinderhaus-heining\/wp-content\/uploads\/sites\/2\/2025\/12\/Aufnahmeformular_Kindergartenverein_Heining_e.V._ausfuellbar.pdf\">\n\t\t\t\t\t\t\t<img decoding=\"async\" width=\"680\" height=\"962\" src=\"https:\/\/pfarrverband-passau-heining.de\/kinderhaus-heining\/wp-content\/uploads\/sites\/2\/2025\/12\/Aufnahmeformular_Kindergartenverein_Heining_e.V._ausfuellbar-724x1024.jpg\" class=\"attachment-large size-large wp-image-4853\" alt=\"\" srcset=\"https:\/\/pfarrverband-passau-heining.de\/kinderhaus-heining\/wp-content\/uploads\/sites\/2\/2025\/12\/Aufnahmeformular_Kindergartenverein_Heining_e.V._ausfuellbar-724x1024.jpg 724w, https:\/\/pfarrverband-passau-heining.de\/kinderhaus-heining\/wp-content\/uploads\/sites\/2\/2025\/12\/Aufnahmeformular_Kindergartenverein_Heining_e.V._ausfuellbar-212x300.jpg 212w, https:\/\/pfarrverband-passau-heining.de\/kinderhaus-heining\/wp-content\/uploads\/sites\/2\/2025\/12\/Aufnahmeformular_Kindergartenverein_Heining_e.V._ausfuellbar-768x1086.jpg 768w, https:\/\/pfarrverband-passau-heining.de\/kinderhaus-heining\/wp-content\/uploads\/sites\/2\/2025\/12\/Aufnahmeformular_Kindergartenverein_Heining_e.V._ausfuellbar-1086x1536.jpg 1086w, https:\/\/pfarrverband-passau-heining.de\/kinderhaus-heining\/wp-content\/uploads\/sites\/2\/2025\/12\/Aufnahmeformular_Kindergartenverein_Heining_e.V._ausfuellbar-1448x2048.jpg 1448w, https:\/\/pfarrverband-passau-heining.de\/kinderhaus-heining\/wp-content\/uploads\/sites\/2\/2025\/12\/Aufnahmeformular_Kindergartenverein_Heining_e.V._ausfuellbar-958x1355.jpg 958w, https:\/\/pfarrverband-passau-heining.de\/kinderhaus-heining\/wp-content\/uploads\/sites\/2\/2025\/12\/Aufnahmeformular_Kindergartenverein_Heining_e.V._ausfuellbar.jpg 1654w\" sizes=\"(max-width: 680px) 100vw, 680px\" \/>\t\t\t\t\t\t\t\t<\/a>\n\t\t\t\t\t\t\t\t\t\t\t\t\t\t\t<\/div>\n\t\t\t\t<\/div>\n\t\t\t\t\t<\/div>\n\t\t<\/div>\n\t\t\t\t\t<\/div>\n\t\t<\/section>\n\t\t\t\t<\/div>\n\t\t","protected":false},"excerpt":{"rendered":"<p>Der F\u00f6rderverein, urspr\u00fcnglich als Finanzierungsverein zum Neubau des Kindergartens im Juni 1960 gegr\u00fcndet, hat 150 Mitglieder, seine Aufgaben haben sich seither gewandelt: Wir unterst\u00fctzen das Kinderhaus mit finanziellen Mitteln, dort [&hellip;]<\/p>\n","protected":false},"author":2,"featured_media":0,"parent":0,"menu_order":0,"comment_status":"closed","ping_status":"closed","template":"","meta":{"footnotes":""},"class_list":["post-4797","page","type-page","status-publish","hentry"],"yoast_head":"<!-- This site is optimized with the Yoast SEO plugin v27.4 - https:\/\/yoast.com\/product\/yoast-seo-wordpress\/ -->\n<title>Kindergartenverein - Kinderhaus Heining<\/title>\n<meta name=\"robots\" content=\"index, follow, max-snippet:-1, max-image-preview:large, max-video-preview:-1\" \/>\n<link rel=\"canonical\" href=\"https:\/\/pfarrverband-passau-heining.de\/kinderhaus-heining\/kindergartenverein\/\" \/>\n<meta property=\"og:locale\" content=\"de_DE\" \/>\n<meta property=\"og:type\" content=\"article\" \/>\n<meta property=\"og:title\" content=\"Kindergartenverein - Kinderhaus Heining\" \/>\n<meta property=\"og:description\" content=\"Der F\u00f6rderverein, urspr\u00fcnglich als Finanzierungsverein zum Neubau des Kindergartens im Juni 1960 gegr\u00fcndet, hat 150 Mitglieder, seine Aufgaben haben sich seither gewandelt: Wir unterst\u00fctzen das Kinderhaus mit finanziellen Mitteln, dort [&hellip;]\" \/>\n<meta property=\"og:url\" content=\"https:\/\/pfarrverband-passau-heining.de\/kinderhaus-heining\/kindergartenverein\/\" \/>\n<meta property=\"og:site_name\" content=\"Kinderhaus Heining\" \/>\n<meta property=\"article:modified_time\" content=\"2025-12-03T11:19:57+00:00\" \/>\n<meta property=\"og:image\" content=\"https:\/\/pfarrverband-passau-heining.de\/kinderhaus-heining\/wp-content\/uploads\/sites\/2\/2025\/12\/Kindergartenverein-Heining-e.V.png\" \/>\n\t<meta property=\"og:image:width\" content=\"454\" \/>\n\t<meta property=\"og:image:height\" content=\"118\" \/>\n\t<meta property=\"og:image:type\" content=\"image\/png\" \/>\n<meta name=\"twitter:card\" content=\"summary_large_image\" \/>\n<meta name=\"twitter:label1\" content=\"Gesch\u00e4tzte Lesezeit\" \/>\n\t<meta name=\"twitter:data1\" content=\"2\u00a0Minuten\" \/>\n<script type=\"application\/ld+json\" class=\"yoast-schema-graph\">{\"@context\":\"https:\\\/\\\/schema.org\",\"@graph\":[{\"@type\":\"WebPage\",\"@id\":\"https:\\\/\\\/pfarrverband-passau-heining.de\\\/kinderhaus-heining\\\/kindergartenverein\\\/\",\"url\":\"https:\\\/\\\/pfarrverband-passau-heining.de\\\/kinderhaus-heining\\\/kindergartenverein\\\/\",\"name\":\"Kindergartenverein - Kinderhaus Heining\",\"isPartOf\":{\"@id\":\"https:\\\/\\\/pfarrverband-passau-heining.de\\\/kinderhaus-heining\\\/#website\"},\"primaryImageOfPage\":{\"@id\":\"https:\\\/\\\/pfarrverband-passau-heining.de\\\/kinderhaus-heining\\\/kindergartenverein\\\/#primaryimage\"},\"image\":{\"@id\":\"https:\\\/\\\/pfarrverband-passau-heining.de\\\/kinderhaus-heining\\\/kindergartenverein\\\/#primaryimage\"},\"thumbnailUrl\":\"https:\\\/\\\/pfarrverband-passau-heining.de\\\/kinderhaus-heining\\\/wp-content\\\/uploads\\\/sites\\\/2\\\/2025\\\/12\\\/Kindergartenverein-Heining-e.V.png\",\"datePublished\":\"2025-11-10T08:15:24+00:00\",\"dateModified\":\"2025-12-03T11:19:57+00:00\",\"breadcrumb\":{\"@id\":\"https:\\\/\\\/pfarrverband-passau-heining.de\\\/kinderhaus-heining\\\/kindergartenverein\\\/#breadcrumb\"},\"inLanguage\":\"de\",\"potentialAction\":[{\"@type\":\"ReadAction\",\"target\":[\"https:\\\/\\\/pfarrverband-passau-heining.de\\\/kinderhaus-heining\\\/kindergartenverein\\\/\"]}]},{\"@type\":\"ImageObject\",\"inLanguage\":\"de\",\"@id\":\"https:\\\/\\\/pfarrverband-passau-heining.de\\\/kinderhaus-heining\\\/kindergartenverein\\\/#primaryimage\",\"url\":\"https:\\\/\\\/pfarrverband-passau-heining.de\\\/kinderhaus-heining\\\/wp-content\\\/uploads\\\/sites\\\/2\\\/2025\\\/12\\\/Kindergartenverein-Heining-e.V.png\",\"contentUrl\":\"https:\\\/\\\/pfarrverband-passau-heining.de\\\/kinderhaus-heining\\\/wp-content\\\/uploads\\\/sites\\\/2\\\/2025\\\/12\\\/Kindergartenverein-Heining-e.V.png\",\"width\":454,\"height\":118},{\"@type\":\"BreadcrumbList\",\"@id\":\"https:\\\/\\\/pfarrverband-passau-heining.de\\\/kinderhaus-heining\\\/kindergartenverein\\\/#breadcrumb\",\"itemListElement\":[{\"@type\":\"ListItem\",\"position\":1,\"name\":\"Startseite\",\"item\":\"https:\\\/\\\/pfarrverband-passau-heining.de\\\/kinderhaus-heining\\\/\"},{\"@type\":\"ListItem\",\"position\":2,\"name\":\"Kindergartenverein\"}]},{\"@type\":\"WebSite\",\"@id\":\"https:\\\/\\\/pfarrverband-passau-heining.de\\\/kinderhaus-heining\\\/#website\",\"url\":\"https:\\\/\\\/pfarrverband-passau-heining.de\\\/kinderhaus-heining\\\/\",\"name\":\"Kinderhaus Heining\",\"description\":\"\",\"potentialAction\":[{\"@type\":\"SearchAction\",\"target\":{\"@type\":\"EntryPoint\",\"urlTemplate\":\"https:\\\/\\\/pfarrverband-passau-heining.de\\\/kinderhaus-heining\\\/?s={search_term_string}\"},\"query-input\":{\"@type\":\"PropertyValueSpecification\",\"valueRequired\":true,\"valueName\":\"search_term_string\"}}],\"inLanguage\":\"de\"}]}<\/script>\n<!-- \/ Yoast SEO plugin. -->","yoast_head_json":{"title":"Kindergartenverein - Kinderhaus Heining","robots":{"index":"index","follow":"follow","max-snippet":"max-snippet:-1","max-image-preview":"max-image-preview:large","max-video-preview":"max-video-preview:-1"},"canonical":"https:\/\/pfarrverband-passau-heining.de\/kinderhaus-heining\/kindergartenverein\/","og_locale":"de_DE","og_type":"article","og_title":"Kindergartenverein - Kinderhaus Heining","og_description":"Der F\u00f6rderverein, urspr\u00fcnglich als Finanzierungsverein zum Neubau des Kindergartens im Juni 1960 gegr\u00fcndet, hat 150 Mitglieder, seine Aufgaben haben sich seither gewandelt: Wir unterst\u00fctzen das Kinderhaus mit finanziellen Mitteln, dort [&hellip;]","og_url":"https:\/\/pfarrverband-passau-heining.de\/kinderhaus-heining\/kindergartenverein\/","og_site_name":"Kinderhaus Heining","article_modified_time":"2025-12-03T11:19:57+00:00","og_image":[{"width":454,"height":118,"url":"https:\/\/pfarrverband-passau-heining.de\/kinderhaus-heining\/wp-content\/uploads\/sites\/2\/2025\/12\/Kindergartenverein-Heining-e.V.png","type":"image\/png"}],"twitter_card":"summary_large_image","twitter_misc":{"Gesch\u00e4tzte Lesezeit":"2\u00a0Minuten"},"schema":{"@context":"https:\/\/schema.org","@graph":[{"@type":"WebPage","@id":"https:\/\/pfarrverband-passau-heining.de\/kinderhaus-heining\/kindergartenverein\/","url":"https:\/\/pfarrverband-passau-heining.de\/kinderhaus-heining\/kindergartenverein\/","name":"Kindergartenverein - Kinderhaus Heining","isPartOf":{"@id":"https:\/\/pfarrverband-passau-heining.de\/kinderhaus-heining\/#website"},"primaryImageOfPage":{"@id":"https:\/\/pfarrverband-passau-heining.de\/kinderhaus-heining\/kindergartenverein\/#primaryimage"},"image":{"@id":"https:\/\/pfarrverband-passau-heining.de\/kinderhaus-heining\/kindergartenverein\/#primaryimage"},"thumbnailUrl":"https:\/\/pfarrverband-passau-heining.de\/kinderhaus-heining\/wp-content\/uploads\/sites\/2\/2025\/12\/Kindergartenverein-Heining-e.V.png","datePublished":"2025-11-10T08:15:24+00:00","dateModified":"2025-12-03T11:19:57+00:00","breadcrumb":{"@id":"https:\/\/pfarrverband-passau-heining.de\/kinderhaus-heining\/kindergartenverein\/#breadcrumb"},"inLanguage":"de","potentialAction":[{"@type":"ReadAction","target":["https:\/\/pfarrverband-passau-heining.de\/kinderhaus-heining\/kindergartenverein\/"]}]},{"@type":"ImageObject","inLanguage":"de","@id":"https:\/\/pfarrverband-passau-heining.de\/kinderhaus-heining\/kindergartenverein\/#primaryimage","url":"https:\/\/pfarrverband-passau-heining.de\/kinderhaus-heining\/wp-content\/uploads\/sites\/2\/2025\/12\/Kindergartenverein-Heining-e.V.png","contentUrl":"https:\/\/pfarrverband-passau-heining.de\/kinderhaus-heining\/wp-content\/uploads\/sites\/2\/2025\/12\/Kindergartenverein-Heining-e.V.png","width":454,"height":118},{"@type":"BreadcrumbList","@id":"https:\/\/pfarrverband-passau-heining.de\/kinderhaus-heining\/kindergartenverein\/#breadcrumb","itemListElement":[{"@type":"ListItem","position":1,"name":"Startseite","item":"https:\/\/pfarrverband-passau-heining.de\/kinderhaus-heining\/"},{"@type":"ListItem","position":2,"name":"Kindergartenverein"}]},{"@type":"WebSite","@id":"https:\/\/pfarrverband-passau-heining.de\/kinderhaus-heining\/#website","url":"https:\/\/pfarrverband-passau-heining.de\/kinderhaus-heining\/","name":"Kinderhaus Heining","description":"","potentialAction":[{"@type":"SearchAction","target":{"@type":"EntryPoint","urlTemplate":"https:\/\/pfarrverband-passau-heining.de\/kinderhaus-heining\/?s={search_term_string}"},"query-input":{"@type":"PropertyValueSpecification","valueRequired":true,"valueName":"search_term_string"}}],"inLanguage":"de"}]}},"meta_box":{"imic_strict_no_header":"0","imic_page_topbar_show":"","imic_page_specific_header":"","imic_page_logo_image":[],"imic_page_retina_logo_image":[],"imic_page_retina_logo_image_width":"","imic_page_retina_logo_image_height":"","imic_page_layout":"","imic_content_width":"","imic_content_padding_top":"","imic_content_padding_bottom":"","imic_pages_body_bg_color":"","imic_pages_body_bg_image":[],"imic_pages_body_bg_wide":"0","imic_pages_body_bg_repeat":"repeat","imic_pages_content_bg_color":"","imic_pages_content_bg_image":[],"imic_pages_content_bg_wide":"0","imic_pages_content_bg_repeat":"repeat","imic_page_header_show":"1","imic_pages_Choose_slider_display":"0","imic_header_image":[],"imic_pages_select_revolution_from_list":"","imic_pages_select_smart_from_list":"","imic_pages_slider_height":"","imic_pages_slider_image":[],"imic_pages_slider_auto_slide":"yes","imic_pages_slider_speed":"","imic_pages_slider_pagination":"yes","imic_pages_slider_direction_arrows":"yes","imic_pages_slider_effects":"fade","imic_pages_banner_color":"","imic_pages_breadcrumb_show":"1","imic_pages_title_show":"0","imic_pages_banner_bg_color":"","imic_post_page_custom_title":"","imic_pages_banner_text_color":"","imic_pages_title_alignment":"","imic_page_social_share":"1","imic_select_sidebar_from_list":"","imic_select_sidebar_position":"","imic_contact_email":"support@webinx.eu","imic_contact_subject":"","imic_our_location_text":"","imic_contact_map_display":"no","imic_contact_map_box_code":"","imic_Choose_slider_display":"0","imic_select_smart_from_list":"","imic_select_revolution_from_list":"","imic_slider_image":[],"imic_slider_auto_slide":"yes","imic_slider_speed":"","imic_slider_pagination":"yes","imic_slider_direction_arrows":"yes","imic_slider_effects":"fade","imic_switch_categories_post":"1","imic_category_to_show_on_home":["39"],"imic_number_of_post_cat":[],"imic_upcoming_area":"1","imic_latest_sermon_events_to_show_on":"letest_event","imic_custom_text_message":"","imic_advanced_event_taxonomy":[],"imic_going_on_events":"1","imic_custom_going_on_events_title":"","imic_advanced_sermons_category":[],"imic_all_event_sermon_url":"","imic_imic_featured_blocks":"1","imic_home_featured_blocks":"","imic_home_row_featured_blocks":[],"imic_home_featured_blocks1":"","imic_home_featured_blocks2":"","imic_home_featured_blocks3":"","imic_imic_upcoming_events":"1","imic_upcoming_event_taxonomy":[],"imic_custom_upcoming_events_title":"","imic_events_to_show_on":"","imic_imic_recent_posts":"1","imic_recent_post_taxonomy":[],"imic_custom_latest_news_title":"","imic_posts_to_show_on":"","imic_recent_posts_rmbutton":"2","imic_recent_posts_rmbutton_text":"","imic_imic_galleries":"1","imic_home_gallery_taxonomy":[],"imic_custom_gallery_title":"","imic_custom_more_galleries_title":"","imic_custom_more_galleries_url":"","imic_galleries_to_show_on":"","imic_galleries_background_image":[],"imic_switch_sermon_album":"1","imic_custom_albums_title":"","imic_number_of_sermon_albums":"","imic_sermon_albums_url":"","imic_gallery_pagination_to_show_on":"","imic_gallery_pagination_columns_layout":"","imic_show_gallery_title":"0","imic_gallery_masonry_to_show_on":"","imic_show_gallery_title_masonry":"0","imic_gallery_filter_columns_layout":"3","imic_show_gallery_title_filter":"0","imic_advanced_gallery_taxonomy":[],"imic_advanced_event_list_taxonomy":[],"imic_advanced_post_taxonomy":[],"imic_advanced_blog_taxonomy":[],"imic_staff_to_show_on":"","imic_staff_grid_column":"4","imic_advanced_staff_taxonomy":[],"imic_staff_select_orderby":"ID","imic_staff_select_order":"ASC","imic_staff_excerpt_length":"","imic_events_timeline_view":"future","imic_event_timeline_per_page":"","imic_blog_masonry_thumbnails":"0","imic_albums_select_orderby":"count","imic_albums_select_order":"ASC","imic_sermon_categories_custom_order":[]},"_links":{"self":[{"href":"https:\/\/pfarrverband-passau-heining.de\/kinderhaus-heining\/wp-json\/wp\/v2\/pages\/4797","targetHints":{"allow":["GET"]}}],"collection":[{"href":"https:\/\/pfarrverband-passau-heining.de\/kinderhaus-heining\/wp-json\/wp\/v2\/pages"}],"about":[{"href":"https:\/\/pfarrverband-passau-heining.de\/kinderhaus-heining\/wp-json\/wp\/v2\/types\/page"}],"author":[{"embeddable":true,"href":"https:\/\/pfarrverband-passau-heining.de\/kinderhaus-heining\/wp-json\/wp\/v2\/users\/2"}],"replies":[{"embeddable":true,"href":"https:\/\/pfarrverband-passau-heining.de\/kinderhaus-heining\/wp-json\/wp\/v2\/comments?post=4797"}],"version-history":[{"count":13,"href":"https:\/\/pfarrverband-passau-heining.de\/kinderhaus-heining\/wp-json\/wp\/v2\/pages\/4797\/revisions"}],"predecessor-version":[{"id":4862,"href":"https:\/\/pfarrverband-passau-heining.de\/kinderhaus-heining\/wp-json\/wp\/v2\/pages\/4797\/revisions\/4862"}],"wp:attachment":[{"href":"https:\/\/pfarrverband-passau-heining.de\/kinderhaus-heining\/wp-json\/wp\/v2\/media?parent=4797"}],"curies":[{"name":"wp","href":"https:\/\/api.w.org\/{rel}","templated":true}]}}