{"id":4792,"date":"2025-11-10T09:14:05","date_gmt":"2025-11-10T08:14:05","guid":{"rendered":"https:\/\/pfarrverband-passau-heining.de\/kinderhaus-heining\/?page_id=4792"},"modified":"2026-02-19T10:10:24","modified_gmt":"2026-02-19T09:10:24","slug":"elternbeirat","status":"publish","type":"page","link":"https:\/\/pfarrverband-passau-heining.de\/kinderhaus-heining\/elternbeirat\/","title":{"rendered":"Elternbeirat"},"content":{"rendered":"\t\t<div data-elementor-type=\"wp-page\" data-elementor-id=\"4792\" class=\"elementor elementor-4792\" data-elementor-post-type=\"page\">\n\t\t\t\t\t\t<section class=\"elementor-section elementor-top-section elementor-element elementor-element-767eab6 elementor-section-boxed elementor-section-height-default elementor-section-height-default\" data-id=\"767eab6\" data-element_type=\"section\" data-e-type=\"section\">\n\t\t\t\t\t\t<div class=\"elementor-container elementor-column-gap-default\">\n\t\t\t\t\t<div class=\"elementor-column elementor-col-100 elementor-top-column elementor-element elementor-element-a7cd614\" data-id=\"a7cd614\" data-element_type=\"column\" data-e-type=\"column\">\n\t\t\t<div class=\"elementor-widget-wrap elementor-element-populated\">\n\t\t\t\t\t\t<div class=\"elementor-element elementor-element-ad1af25 elementor-widget elementor-widget-heading\" data-id=\"ad1af25\" data-element_type=\"widget\" data-e-type=\"widget\" data-widget_type=\"heading.default\">\n\t\t\t\t<div class=\"elementor-widget-container\">\n\t\t\t\t\t<h2 class=\"elementor-heading-title elementor-size-default\">Elternbeirat 2025\/2026<\/h2>\t\t\t\t<\/div>\n\t\t\t\t<\/div>\n\t\t\t\t\t<\/div>\n\t\t<\/div>\n\t\t\t\t\t<\/div>\n\t\t<\/section>\n\t\t\t\t<section class=\"elementor-section elementor-top-section elementor-element elementor-element-358b338 elementor-section-boxed elementor-section-height-default elementor-section-height-default\" data-id=\"358b338\" data-element_type=\"section\" data-e-type=\"section\">\n\t\t\t\t\t\t<div class=\"elementor-container elementor-column-gap-default\">\n\t\t\t\t\t<div class=\"elementor-column elementor-col-100 elementor-top-column elementor-element elementor-element-922e98d\" data-id=\"922e98d\" data-element_type=\"column\" data-e-type=\"column\">\n\t\t\t<div class=\"elementor-widget-wrap elementor-element-populated\">\n\t\t\t\t\t\t<div class=\"elementor-element elementor-element-1b61bd0 elementor-widget elementor-widget-image\" data-id=\"1b61bd0\" data-element_type=\"widget\" data-e-type=\"widget\" data-widget_type=\"image.default\">\n\t\t\t\t<div class=\"elementor-widget-container\">\n\t\t\t\t\t\t\t\t\t\t\t\t\t\t\t<img fetchpriority=\"high\" decoding=\"async\" width=\"680\" height=\"510\" src=\"https:\/\/pfarrverband-passau-heining.de\/kinderhaus-heining\/wp-content\/uploads\/sites\/2\/2026\/02\/Faching2026-1-1024x768.jpg\" class=\"attachment-large size-large wp-image-4880\" alt=\"\" srcset=\"https:\/\/pfarrverband-passau-heining.de\/kinderhaus-heining\/wp-content\/uploads\/sites\/2\/2026\/02\/Faching2026-1-1024x768.jpg 1024w, https:\/\/pfarrverband-passau-heining.de\/kinderhaus-heining\/wp-content\/uploads\/sites\/2\/2026\/02\/Faching2026-1-300x225.jpg 300w, https:\/\/pfarrverband-passau-heining.de\/kinderhaus-heining\/wp-content\/uploads\/sites\/2\/2026\/02\/Faching2026-1-768x576.jpg 768w, https:\/\/pfarrverband-passau-heining.de\/kinderhaus-heining\/wp-content\/uploads\/sites\/2\/2026\/02\/Faching2026-1-1536x1152.jpg 1536w, https:\/\/pfarrverband-passau-heining.de\/kinderhaus-heining\/wp-content\/uploads\/sites\/2\/2026\/02\/Faching2026-1-2048x1536.jpg 2048w, https:\/\/pfarrverband-passau-heining.de\/kinderhaus-heining\/wp-content\/uploads\/sites\/2\/2026\/02\/Faching2026-1-958x719.jpg 958w\" sizes=\"(max-width: 680px) 100vw, 680px\" \/>\t\t\t\t\t\t\t\t\t\t\t\t\t\t\t<\/div>\n\t\t\t\t<\/div>\n\t\t\t\t\t<\/div>\n\t\t<\/div>\n\t\t\t\t\t<\/div>\n\t\t<\/section>\n\t\t\t\t<section class=\"elementor-section elementor-top-section elementor-element elementor-element-5c73a48 elementor-section-boxed elementor-section-height-default elementor-section-height-default\" data-id=\"5c73a48\" data-element_type=\"section\" data-e-type=\"section\">\n\t\t\t\t\t\t<div class=\"elementor-container elementor-column-gap-default\">\n\t\t\t\t\t<div class=\"elementor-column elementor-col-100 elementor-top-column elementor-element elementor-element-c5636e5\" data-id=\"c5636e5\" data-element_type=\"column\" data-e-type=\"column\">\n\t\t\t<div class=\"elementor-widget-wrap elementor-element-populated\">\n\t\t\t\t\t\t<div class=\"elementor-element elementor-element-09415a2 elementor-widget elementor-widget-text-editor\" data-id=\"09415a2\" data-element_type=\"widget\" data-e-type=\"widget\" data-widget_type=\"text-editor.default\">\n\t\t\t\t<div class=\"elementor-widget-container\">\n\t\t\t\t\t\t\t\t\t<p>Auch im Kindergartenjahr 2025\/2026 gibt es nat\u00fcrlich wieder einen Elternbeirat. Der Elternbeirat unterst\u00fctzt das Kinderhaus bei der Durchf\u00fchrung verschiedener Veranstaltungen wie z.B. dem Sommerfest. Auch beim dem j\u00e4hrlichen Stand am Christkindlmarkt unterst\u00fctzt der Elternbeirat.<br>Der Elternbeirat hat auch auch den Eltern-Kind-Fasching wieder ins Leben gerufen, der in diesem Kindergartenjahr bereits das 2te mal wieder stattfindet.<br>Ansonsten ist der Elternbeirat f\u00fcr alle Anliegen der Eltern da um diese ggf. an die Kinderhausleitung weiterzugeben.<br>Erreichbar ist der Elternbeirat unter elternbeirat.heining@gmx.de<\/p><p><br><span style=\"letter-spacing: 0px\">Vorsitzender<br><\/span><span style=\"letter-spacing: 0px\">Tobias Stockmeier<\/span><\/p><p>stv. Vorsitzende<br>Eva Schmelig<br><br>Schriftf\u00fchrerin<br>Birgit Schmid<br><br>weitere Mitglieder: Christina Hartl, Kristin Schuster, Antonia Gaudek, Herbert Grinninger, Caro Reiter, Eva Reisinger, Julia Dachl, Steffi Junk, Kathrin Ortner, Stefanie Auer, Jose Coloma, Dea Kolazek<\/p>\t\t\t\t\t\t\t\t<\/div>\n\t\t\t\t<\/div>\n\t\t\t\t\t<\/div>\n\t\t<\/div>\n\t\t\t\t\t<\/div>\n\t\t<\/section>\n\t\t\t\t<\/div>\n\t\t","protected":false},"excerpt":{"rendered":"<p>Elternbeirat 2025\/2026 Auch im Kindergartenjahr 2025\/2026 gibt es nat\u00fcrlich wieder einen Elternbeirat. Der Elternbeirat unterst\u00fctzt das Kinderhaus bei der Durchf\u00fchrung verschiedener Veranstaltungen wie z.B. dem Sommerfest. Auch beim dem j\u00e4hrlichen [&hellip;]<\/p>\n","protected":false},"author":2,"featured_media":0,"parent":0,"menu_order":0,"comment_status":"closed","ping_status":"closed","template":"","meta":{"footnotes":""},"class_list":["post-4792","page","type-page","status-publish","hentry"],"yoast_head":"<!-- This site is optimized with the Yoast SEO plugin v27.4 - https:\/\/yoast.com\/product\/yoast-seo-wordpress\/ -->\n<title>Elternbeirat - Kinderhaus Heining<\/title>\n<meta name=\"robots\" content=\"index, follow, max-snippet:-1, max-image-preview:large, max-video-preview:-1\" \/>\n<link rel=\"canonical\" href=\"https:\/\/pfarrverband-passau-heining.de\/kinderhaus-heining\/elternbeirat\/\" \/>\n<meta property=\"og:locale\" content=\"de_DE\" \/>\n<meta property=\"og:type\" content=\"article\" \/>\n<meta property=\"og:title\" content=\"Elternbeirat - Kinderhaus Heining\" \/>\n<meta property=\"og:description\" content=\"Elternbeirat 2025\/2026 Auch im Kindergartenjahr 2025\/2026 gibt es nat\u00fcrlich wieder einen Elternbeirat. Der Elternbeirat unterst\u00fctzt das Kinderhaus bei der Durchf\u00fchrung verschiedener Veranstaltungen wie z.B. dem Sommerfest. Auch beim dem j\u00e4hrlichen [&hellip;]\" \/>\n<meta property=\"og:url\" content=\"https:\/\/pfarrverband-passau-heining.de\/kinderhaus-heining\/elternbeirat\/\" \/>\n<meta property=\"og:site_name\" content=\"Kinderhaus Heining\" \/>\n<meta property=\"article:modified_time\" content=\"2026-02-19T09:10:24+00:00\" \/>\n<meta property=\"og:image\" content=\"https:\/\/pfarrverband-passau-heining.de\/kinderhaus-heining\/wp-content\/uploads\/sites\/2\/2026\/02\/Faching2026-1-1024x768.jpg\" \/>\n<meta name=\"twitter:card\" content=\"summary_large_image\" \/>\n<meta name=\"twitter:label1\" content=\"Gesch\u00e4tzte Lesezeit\" \/>\n\t<meta name=\"twitter:data1\" content=\"1\u00a0Minute\" \/>\n<script type=\"application\/ld+json\" class=\"yoast-schema-graph\">{\"@context\":\"https:\\\/\\\/schema.org\",\"@graph\":[{\"@type\":\"WebPage\",\"@id\":\"https:\\\/\\\/pfarrverband-passau-heining.de\\\/kinderhaus-heining\\\/elternbeirat\\\/\",\"url\":\"https:\\\/\\\/pfarrverband-passau-heining.de\\\/kinderhaus-heining\\\/elternbeirat\\\/\",\"name\":\"Elternbeirat - Kinderhaus Heining\",\"isPartOf\":{\"@id\":\"https:\\\/\\\/pfarrverband-passau-heining.de\\\/kinderhaus-heining\\\/#website\"},\"primaryImageOfPage\":{\"@id\":\"https:\\\/\\\/pfarrverband-passau-heining.de\\\/kinderhaus-heining\\\/elternbeirat\\\/#primaryimage\"},\"image\":{\"@id\":\"https:\\\/\\\/pfarrverband-passau-heining.de\\\/kinderhaus-heining\\\/elternbeirat\\\/#primaryimage\"},\"thumbnailUrl\":\"https:\\\/\\\/pfarrverband-passau-heining.de\\\/kinderhaus-heining\\\/wp-content\\\/uploads\\\/sites\\\/2\\\/2026\\\/02\\\/Faching2026-1-1024x768.jpg\",\"datePublished\":\"2025-11-10T08:14:05+00:00\",\"dateModified\":\"2026-02-19T09:10:24+00:00\",\"breadcrumb\":{\"@id\":\"https:\\\/\\\/pfarrverband-passau-heining.de\\\/kinderhaus-heining\\\/elternbeirat\\\/#breadcrumb\"},\"inLanguage\":\"de\",\"potentialAction\":[{\"@type\":\"ReadAction\",\"target\":[\"https:\\\/\\\/pfarrverband-passau-heining.de\\\/kinderhaus-heining\\\/elternbeirat\\\/\"]}]},{\"@type\":\"ImageObject\",\"inLanguage\":\"de\",\"@id\":\"https:\\\/\\\/pfarrverband-passau-heining.de\\\/kinderhaus-heining\\\/elternbeirat\\\/#primaryimage\",\"url\":\"https:\\\/\\\/pfarrverband-passau-heining.de\\\/kinderhaus-heining\\\/wp-content\\\/uploads\\\/sites\\\/2\\\/2026\\\/02\\\/Faching2026-1-scaled.jpg\",\"contentUrl\":\"https:\\\/\\\/pfarrverband-passau-heining.de\\\/kinderhaus-heining\\\/wp-content\\\/uploads\\\/sites\\\/2\\\/2026\\\/02\\\/Faching2026-1-scaled.jpg\",\"width\":2560,\"height\":1920},{\"@type\":\"BreadcrumbList\",\"@id\":\"https:\\\/\\\/pfarrverband-passau-heining.de\\\/kinderhaus-heining\\\/elternbeirat\\\/#breadcrumb\",\"itemListElement\":[{\"@type\":\"ListItem\",\"position\":1,\"name\":\"Startseite\",\"item\":\"https:\\\/\\\/pfarrverband-passau-heining.de\\\/kinderhaus-heining\\\/\"},{\"@type\":\"ListItem\",\"position\":2,\"name\":\"Elternbeirat\"}]},{\"@type\":\"WebSite\",\"@id\":\"https:\\\/\\\/pfarrverband-passau-heining.de\\\/kinderhaus-heining\\\/#website\",\"url\":\"https:\\\/\\\/pfarrverband-passau-heining.de\\\/kinderhaus-heining\\\/\",\"name\":\"Kinderhaus Heining\",\"description\":\"\",\"potentialAction\":[{\"@type\":\"SearchAction\",\"target\":{\"@type\":\"EntryPoint\",\"urlTemplate\":\"https:\\\/\\\/pfarrverband-passau-heining.de\\\/kinderhaus-heining\\\/?s={search_term_string}\"},\"query-input\":{\"@type\":\"PropertyValueSpecification\",\"valueRequired\":true,\"valueName\":\"search_term_string\"}}],\"inLanguage\":\"de\"}]}<\/script>\n<!-- \/ Yoast SEO plugin. -->","yoast_head_json":{"title":"Elternbeirat - Kinderhaus Heining","robots":{"index":"index","follow":"follow","max-snippet":"max-snippet:-1","max-image-preview":"max-image-preview:large","max-video-preview":"max-video-preview:-1"},"canonical":"https:\/\/pfarrverband-passau-heining.de\/kinderhaus-heining\/elternbeirat\/","og_locale":"de_DE","og_type":"article","og_title":"Elternbeirat - Kinderhaus Heining","og_description":"Elternbeirat 2025\/2026 Auch im Kindergartenjahr 2025\/2026 gibt es nat\u00fcrlich wieder einen Elternbeirat. Der Elternbeirat unterst\u00fctzt das Kinderhaus bei der Durchf\u00fchrung verschiedener Veranstaltungen wie z.B. dem Sommerfest. Auch beim dem j\u00e4hrlichen [&hellip;]","og_url":"https:\/\/pfarrverband-passau-heining.de\/kinderhaus-heining\/elternbeirat\/","og_site_name":"Kinderhaus Heining","article_modified_time":"2026-02-19T09:10:24+00:00","og_image":[{"url":"https:\/\/pfarrverband-passau-heining.de\/kinderhaus-heining\/wp-content\/uploads\/sites\/2\/2026\/02\/Faching2026-1-1024x768.jpg","type":"","width":"","height":""}],"twitter_card":"summary_large_image","twitter_misc":{"Gesch\u00e4tzte Lesezeit":"1\u00a0Minute"},"schema":{"@context":"https:\/\/schema.org","@graph":[{"@type":"WebPage","@id":"https:\/\/pfarrverband-passau-heining.de\/kinderhaus-heining\/elternbeirat\/","url":"https:\/\/pfarrverband-passau-heining.de\/kinderhaus-heining\/elternbeirat\/","name":"Elternbeirat - Kinderhaus Heining","isPartOf":{"@id":"https:\/\/pfarrverband-passau-heining.de\/kinderhaus-heining\/#website"},"primaryImageOfPage":{"@id":"https:\/\/pfarrverband-passau-heining.de\/kinderhaus-heining\/elternbeirat\/#primaryimage"},"image":{"@id":"https:\/\/pfarrverband-passau-heining.de\/kinderhaus-heining\/elternbeirat\/#primaryimage"},"thumbnailUrl":"https:\/\/pfarrverband-passau-heining.de\/kinderhaus-heining\/wp-content\/uploads\/sites\/2\/2026\/02\/Faching2026-1-1024x768.jpg","datePublished":"2025-11-10T08:14:05+00:00","dateModified":"2026-02-19T09:10:24+00:00","breadcrumb":{"@id":"https:\/\/pfarrverband-passau-heining.de\/kinderhaus-heining\/elternbeirat\/#breadcrumb"},"inLanguage":"de","potentialAction":[{"@type":"ReadAction","target":["https:\/\/pfarrverband-passau-heining.de\/kinderhaus-heining\/elternbeirat\/"]}]},{"@type":"ImageObject","inLanguage":"de","@id":"https:\/\/pfarrverband-passau-heining.de\/kinderhaus-heining\/elternbeirat\/#primaryimage","url":"https:\/\/pfarrverband-passau-heining.de\/kinderhaus-heining\/wp-content\/uploads\/sites\/2\/2026\/02\/Faching2026-1-scaled.jpg","contentUrl":"https:\/\/pfarrverband-passau-heining.de\/kinderhaus-heining\/wp-content\/uploads\/sites\/2\/2026\/02\/Faching2026-1-scaled.jpg","width":2560,"height":1920},{"@type":"BreadcrumbList","@id":"https:\/\/pfarrverband-passau-heining.de\/kinderhaus-heining\/elternbeirat\/#breadcrumb","itemListElement":[{"@type":"ListItem","position":1,"name":"Startseite","item":"https:\/\/pfarrverband-passau-heining.de\/kinderhaus-heining\/"},{"@type":"ListItem","position":2,"name":"Elternbeirat"}]},{"@type":"WebSite","@id":"https:\/\/pfarrverband-passau-heining.de\/kinderhaus-heining\/#website","url":"https:\/\/pfarrverband-passau-heining.de\/kinderhaus-heining\/","name":"Kinderhaus Heining","description":"","potentialAction":[{"@type":"SearchAction","target":{"@type":"EntryPoint","urlTemplate":"https:\/\/pfarrverband-passau-heining.de\/kinderhaus-heining\/?s={search_term_string}"},"query-input":{"@type":"PropertyValueSpecification","valueRequired":true,"valueName":"search_term_string"}}],"inLanguage":"de"}]}},"meta_box":{"imic_strict_no_header":"0","imic_page_topbar_show":"","imic_page_specific_header":"","imic_page_logo_image":[],"imic_page_retina_logo_image":[],"imic_page_retina_logo_image_width":"","imic_page_retina_logo_image_height":"","imic_page_layout":"","imic_content_width":"","imic_content_padding_top":"","imic_content_padding_bottom":"","imic_pages_body_bg_color":"","imic_pages_body_bg_image":[],"imic_pages_body_bg_wide":"0","imic_pages_body_bg_repeat":"repeat","imic_pages_content_bg_color":"","imic_pages_content_bg_image":[],"imic_pages_content_bg_wide":"0","imic_pages_content_bg_repeat":"repeat","imic_page_header_show":"1","imic_pages_Choose_slider_display":"0","imic_header_image":[],"imic_pages_select_revolution_from_list":"","imic_pages_select_smart_from_list":"","imic_pages_slider_height":"","imic_pages_slider_image":[],"imic_pages_slider_auto_slide":"yes","imic_pages_slider_speed":"","imic_pages_slider_pagination":"yes","imic_pages_slider_direction_arrows":"yes","imic_pages_slider_effects":"fade","imic_pages_banner_color":"","imic_pages_breadcrumb_show":"1","imic_pages_title_show":"0","imic_pages_banner_bg_color":"","imic_post_page_custom_title":"","imic_pages_banner_text_color":"","imic_pages_title_alignment":"","imic_page_social_share":"1","imic_select_sidebar_from_list":"","imic_select_sidebar_position":"","imic_contact_email":"support@webinx.eu","imic_contact_subject":"","imic_our_location_text":"","imic_contact_map_display":"no","imic_contact_map_box_code":"","imic_Choose_slider_display":"0","imic_select_smart_from_list":"","imic_select_revolution_from_list":"","imic_slider_image":[],"imic_slider_auto_slide":"yes","imic_slider_speed":"","imic_slider_pagination":"yes","imic_slider_direction_arrows":"yes","imic_slider_effects":"fade","imic_switch_categories_post":"1","imic_category_to_show_on_home":["39"],"imic_number_of_post_cat":[],"imic_upcoming_area":"1","imic_latest_sermon_events_to_show_on":"letest_event","imic_custom_text_message":"","imic_advanced_event_taxonomy":[],"imic_going_on_events":"1","imic_custom_going_on_events_title":"","imic_advanced_sermons_category":[],"imic_all_event_sermon_url":"","imic_imic_featured_blocks":"1","imic_home_featured_blocks":"","imic_home_row_featured_blocks":[],"imic_home_featured_blocks1":"","imic_home_featured_blocks2":"","imic_home_featured_blocks3":"","imic_imic_upcoming_events":"1","imic_upcoming_event_taxonomy":[],"imic_custom_upcoming_events_title":"","imic_events_to_show_on":"","imic_imic_recent_posts":"1","imic_recent_post_taxonomy":[],"imic_custom_latest_news_title":"","imic_posts_to_show_on":"","imic_recent_posts_rmbutton":"2","imic_recent_posts_rmbutton_text":"","imic_imic_galleries":"1","imic_home_gallery_taxonomy":[],"imic_custom_gallery_title":"","imic_custom_more_galleries_title":"","imic_custom_more_galleries_url":"","imic_galleries_to_show_on":"","imic_galleries_background_image":[],"imic_switch_sermon_album":"1","imic_custom_albums_title":"","imic_number_of_sermon_albums":"","imic_sermon_albums_url":"","imic_gallery_pagination_to_show_on":"","imic_gallery_pagination_columns_layout":"","imic_show_gallery_title":"0","imic_gallery_masonry_to_show_on":"","imic_show_gallery_title_masonry":"0","imic_gallery_filter_columns_layout":"3","imic_show_gallery_title_filter":"0","imic_advanced_gallery_taxonomy":[],"imic_advanced_event_list_taxonomy":[],"imic_advanced_post_taxonomy":[],"imic_advanced_blog_taxonomy":[],"imic_staff_to_show_on":"","imic_staff_grid_column":"4","imic_advanced_staff_taxonomy":[],"imic_staff_select_orderby":"ID","imic_staff_select_order":"ASC","imic_staff_excerpt_length":"","imic_events_timeline_view":"future","imic_event_timeline_per_page":"","imic_blog_masonry_thumbnails":"0","imic_albums_select_orderby":"count","imic_albums_select_order":"ASC","imic_sermon_categories_custom_order":[]},"_links":{"self":[{"href":"https:\/\/pfarrverband-passau-heining.de\/kinderhaus-heining\/wp-json\/wp\/v2\/pages\/4792","targetHints":{"allow":["GET"]}}],"collection":[{"href":"https:\/\/pfarrverband-passau-heining.de\/kinderhaus-heining\/wp-json\/wp\/v2\/pages"}],"about":[{"href":"https:\/\/pfarrverband-passau-heining.de\/kinderhaus-heining\/wp-json\/wp\/v2\/types\/page"}],"author":[{"embeddable":true,"href":"https:\/\/pfarrverband-passau-heining.de\/kinderhaus-heining\/wp-json\/wp\/v2\/users\/2"}],"replies":[{"embeddable":true,"href":"https:\/\/pfarrverband-passau-heining.de\/kinderhaus-heining\/wp-json\/wp\/v2\/comments?post=4792"}],"version-history":[{"count":7,"href":"https:\/\/pfarrverband-passau-heining.de\/kinderhaus-heining\/wp-json\/wp\/v2\/pages\/4792\/revisions"}],"predecessor-version":[{"id":4883,"href":"https:\/\/pfarrverband-passau-heining.de\/kinderhaus-heining\/wp-json\/wp\/v2\/pages\/4792\/revisions\/4883"}],"wp:attachment":[{"href":"https:\/\/pfarrverband-passau-heining.de\/kinderhaus-heining\/wp-json\/wp\/v2\/media?parent=4792"}],"curies":[{"name":"wp","href":"https:\/\/api.w.org\/{rel}","templated":true}]}}