{"id":133,"date":"2024-01-05T21:53:33","date_gmt":"2024-01-05T20:53:33","guid":{"rendered":"https:\/\/pfarrverband-passau-heining.de\/kindergarten-schalding\/?page_id=133"},"modified":"2024-01-11T17:46:57","modified_gmt":"2024-01-11T16:46:57","slug":"paedagogik","status":"publish","type":"page","link":"https:\/\/pfarrverband-passau-heining.de\/kindergarten-schalding\/paedagogik\/","title":{"rendered":"P\u00e4dagogik"},"content":{"rendered":"\t\t<div data-elementor-type=\"wp-page\" data-elementor-id=\"133\" class=\"elementor elementor-133\" data-elementor-post-type=\"page\">\n\t\t\t\t\t\t<section class=\"elementor-section elementor-top-section elementor-element elementor-element-1c8d8ae elementor-section-boxed elementor-section-height-default elementor-section-height-default\" data-id=\"1c8d8ae\" data-element_type=\"section\" data-e-type=\"section\">\n\t\t\t\t\t\t<div class=\"elementor-container elementor-column-gap-default\">\n\t\t\t\t\t<div class=\"elementor-column elementor-col-100 elementor-top-column elementor-element elementor-element-4596f6b\" data-id=\"4596f6b\" data-element_type=\"column\" data-e-type=\"column\">\n\t\t\t<div class=\"elementor-widget-wrap elementor-element-populated\">\n\t\t\t\t\t\t<div class=\"elementor-element elementor-element-9066e11 elementor-widget elementor-widget-heading\" data-id=\"9066e11\" data-element_type=\"widget\" data-e-type=\"widget\" data-widget_type=\"heading.default\">\n\t\t\t\t<div class=\"elementor-widget-container\">\n\t\t\t\t\t<h3 class=\"elementor-heading-title elementor-size-default\">Das Kind steht im Mittelpunkt<\/h3>\t\t\t\t<\/div>\n\t\t\t\t<\/div>\n\t\t\t\t\t<\/div>\n\t\t<\/div>\n\t\t\t\t\t<\/div>\n\t\t<\/section>\n\t\t\t\t<section class=\"elementor-section elementor-top-section elementor-element elementor-element-a9bd8ba elementor-section-boxed elementor-section-height-default elementor-section-height-default\" data-id=\"a9bd8ba\" data-element_type=\"section\" data-e-type=\"section\">\n\t\t\t\t\t\t<div class=\"elementor-container elementor-column-gap-default\">\n\t\t\t\t\t<div class=\"elementor-column elementor-col-100 elementor-top-column elementor-element elementor-element-b7c363f\" data-id=\"b7c363f\" data-element_type=\"column\" data-e-type=\"column\">\n\t\t\t<div class=\"elementor-widget-wrap elementor-element-populated\">\n\t\t\t\t\t\t<div class=\"elementor-element elementor-element-70353f4 elementor-widget elementor-widget-text-editor\" data-id=\"70353f4\" data-element_type=\"widget\" data-e-type=\"widget\" data-widget_type=\"text-editor.default\">\n\t\t\t\t<div class=\"elementor-widget-container\">\n\t\t\t\t\t\t\t\t\t<p>Das Kind mit senen St\u00e4rken, Eigenheiten, Schw\u00e4chen, seinem Glauben und seiner Familie steht im Mittelpunkt unserer Arbeit.<\/p><p>Das Kind selbst bestimmt Zeitdauer und Tempo seiner Entwicklung. Im Rahmen einer ganzheitlichen Pers\u00f6nlichkeitsentfaltung m\u00fcssen Achtung, W\u00fcrde, Respekt vor den Entwicklungsphasen des Kindes unter Einbeziehung seiner individuellen St\u00e4rken und die M\u00f6glichkeit zur eigenen Auseinandersetzung mit der Welt gew\u00e4hrleistet sein.<\/p><p>Diese Entwicklung wird von Liebe und Respekt vor der W\u00fcrde des Kindes getragen.<\/p><p>Es gilt dem Kind Schutz\u00f6, Entwicklungs- und Freiraum bereitzustellen, damit es zu einem selbstst\u00e4ndigen, beziehungsf\u00e4higen, wertorientierten, kreativen Menschen heranw\u00e4chst, der sein Leben verantwortlich gestaltet und den Anforderungen der Gesellschaft gerecht werden kann.<\/p><p>\u00a0<\/p><p><strong>&#8220;Anders sein&#8221;<\/strong><\/p><p>Das soziale Miteinander und die Auseinandersetzung der Kinder mit dem &#8220;Anders sein&#8221; ist bei uns selbstverst\u00e4ndlich.<\/p><p>In unserem Haus betreuen P\u00e4dgogische Kr\u00e4fte aus insgesamt 3 Nationen unsere Kinder unterschiedlichster Nationalit\u00e4ten.<\/p><p>Die &#8220;Akzeptanz der Vielfalt&#8221; &#8211; Verschiedenheit nationaler, gesellschaftlicher oder religi\u00f6ser Herkunft &#8211; ist Grundlage unserer p\u00e4dagogischen Arbeit.<\/p><p>Alle Kinder erfahren in gleicher Weise individuell abgestimmte Betreuung und Bildung.<\/p>\t\t\t\t\t\t\t\t<\/div>\n\t\t\t\t<\/div>\n\t\t\t\t\t<\/div>\n\t\t<\/div>\n\t\t\t\t\t<\/div>\n\t\t<\/section>\n\t\t\t\t<\/div>\n\t\t","protected":false},"excerpt":{"rendered":"<p>Das Kind steht im Mittelpunkt Das Kind mit senen St\u00e4rken, Eigenheiten, Schw\u00e4chen, seinem Glauben und seiner Familie steht im Mittelpunkt unserer Arbeit. Das Kind selbst bestimmt Zeitdauer und Tempo seiner [&hellip;]<\/p>\n","protected":false},"author":2,"featured_media":0,"parent":0,"menu_order":0,"comment_status":"closed","ping_status":"closed","template":"","meta":{"footnotes":""},"class_list":["post-133","page","type-page","status-publish","hentry"],"yoast_head":"<!-- This site is optimized with the Yoast SEO plugin v27.5 - https:\/\/yoast.com\/product\/yoast-seo-wordpress\/ -->\n<title>P\u00e4dagogik - Kindergarten Schalding<\/title>\n<meta name=\"robots\" content=\"index, follow, max-snippet:-1, max-image-preview:large, max-video-preview:-1\" \/>\n<link rel=\"canonical\" href=\"https:\/\/pfarrverband-passau-heining.de\/kindergarten-schalding\/paedagogik\/\" \/>\n<meta property=\"og:locale\" content=\"de_DE\" \/>\n<meta property=\"og:type\" content=\"article\" \/>\n<meta property=\"og:title\" content=\"P\u00e4dagogik - Kindergarten Schalding\" \/>\n<meta property=\"og:description\" content=\"Das Kind steht im Mittelpunkt Das Kind mit senen St\u00e4rken, Eigenheiten, Schw\u00e4chen, seinem Glauben und seiner Familie steht im Mittelpunkt unserer Arbeit. Das Kind selbst bestimmt Zeitdauer und Tempo seiner [&hellip;]\" \/>\n<meta property=\"og:url\" content=\"https:\/\/pfarrverband-passau-heining.de\/kindergarten-schalding\/paedagogik\/\" \/>\n<meta property=\"og:site_name\" content=\"Kindergarten Schalding\" \/>\n<meta property=\"article:modified_time\" content=\"2024-01-11T16:46:57+00:00\" \/>\n<meta name=\"twitter:card\" content=\"summary_large_image\" \/>\n<meta name=\"twitter:label1\" content=\"Gesch\u00e4tzte Lesezeit\" \/>\n\t<meta name=\"twitter:data1\" content=\"1\u00a0Minute\" \/>\n<script type=\"application\/ld+json\" class=\"yoast-schema-graph\">{\"@context\":\"https:\\\/\\\/schema.org\",\"@graph\":[{\"@type\":\"WebPage\",\"@id\":\"https:\\\/\\\/pfarrverband-passau-heining.de\\\/kindergarten-schalding\\\/paedagogik\\\/\",\"url\":\"https:\\\/\\\/pfarrverband-passau-heining.de\\\/kindergarten-schalding\\\/paedagogik\\\/\",\"name\":\"P\u00e4dagogik - Kindergarten Schalding\",\"isPartOf\":{\"@id\":\"https:\\\/\\\/pfarrverband-passau-heining.de\\\/kindergarten-schalding\\\/#website\"},\"datePublished\":\"2024-01-05T20:53:33+00:00\",\"dateModified\":\"2024-01-11T16:46:57+00:00\",\"breadcrumb\":{\"@id\":\"https:\\\/\\\/pfarrverband-passau-heining.de\\\/kindergarten-schalding\\\/paedagogik\\\/#breadcrumb\"},\"inLanguage\":\"de\",\"potentialAction\":[{\"@type\":\"ReadAction\",\"target\":[\"https:\\\/\\\/pfarrverband-passau-heining.de\\\/kindergarten-schalding\\\/paedagogik\\\/\"]}]},{\"@type\":\"BreadcrumbList\",\"@id\":\"https:\\\/\\\/pfarrverband-passau-heining.de\\\/kindergarten-schalding\\\/paedagogik\\\/#breadcrumb\",\"itemListElement\":[{\"@type\":\"ListItem\",\"position\":1,\"name\":\"Startseite\",\"item\":\"https:\\\/\\\/pfarrverband-passau-heining.de\\\/kindergarten-schalding\\\/\"},{\"@type\":\"ListItem\",\"position\":2,\"name\":\"P\u00e4dagogik\"}]},{\"@type\":\"WebSite\",\"@id\":\"https:\\\/\\\/pfarrverband-passau-heining.de\\\/kindergarten-schalding\\\/#website\",\"url\":\"https:\\\/\\\/pfarrverband-passau-heining.de\\\/kindergarten-schalding\\\/\",\"name\":\"Kindergarten Schalding\",\"description\":\"\",\"potentialAction\":[{\"@type\":\"SearchAction\",\"target\":{\"@type\":\"EntryPoint\",\"urlTemplate\":\"https:\\\/\\\/pfarrverband-passau-heining.de\\\/kindergarten-schalding\\\/?s={search_term_string}\"},\"query-input\":{\"@type\":\"PropertyValueSpecification\",\"valueRequired\":true,\"valueName\":\"search_term_string\"}}],\"inLanguage\":\"de\"}]}<\/script>\n<!-- \/ Yoast SEO plugin. -->","yoast_head_json":{"title":"P\u00e4dagogik - Kindergarten Schalding","robots":{"index":"index","follow":"follow","max-snippet":"max-snippet:-1","max-image-preview":"max-image-preview:large","max-video-preview":"max-video-preview:-1"},"canonical":"https:\/\/pfarrverband-passau-heining.de\/kindergarten-schalding\/paedagogik\/","og_locale":"de_DE","og_type":"article","og_title":"P\u00e4dagogik - Kindergarten Schalding","og_description":"Das Kind steht im Mittelpunkt Das Kind mit senen St\u00e4rken, Eigenheiten, Schw\u00e4chen, seinem Glauben und seiner Familie steht im Mittelpunkt unserer Arbeit. Das Kind selbst bestimmt Zeitdauer und Tempo seiner [&hellip;]","og_url":"https:\/\/pfarrverband-passau-heining.de\/kindergarten-schalding\/paedagogik\/","og_site_name":"Kindergarten Schalding","article_modified_time":"2024-01-11T16:46:57+00:00","twitter_card":"summary_large_image","twitter_misc":{"Gesch\u00e4tzte Lesezeit":"1\u00a0Minute"},"schema":{"@context":"https:\/\/schema.org","@graph":[{"@type":"WebPage","@id":"https:\/\/pfarrverband-passau-heining.de\/kindergarten-schalding\/paedagogik\/","url":"https:\/\/pfarrverband-passau-heining.de\/kindergarten-schalding\/paedagogik\/","name":"P\u00e4dagogik - Kindergarten Schalding","isPartOf":{"@id":"https:\/\/pfarrverband-passau-heining.de\/kindergarten-schalding\/#website"},"datePublished":"2024-01-05T20:53:33+00:00","dateModified":"2024-01-11T16:46:57+00:00","breadcrumb":{"@id":"https:\/\/pfarrverband-passau-heining.de\/kindergarten-schalding\/paedagogik\/#breadcrumb"},"inLanguage":"de","potentialAction":[{"@type":"ReadAction","target":["https:\/\/pfarrverband-passau-heining.de\/kindergarten-schalding\/paedagogik\/"]}]},{"@type":"BreadcrumbList","@id":"https:\/\/pfarrverband-passau-heining.de\/kindergarten-schalding\/paedagogik\/#breadcrumb","itemListElement":[{"@type":"ListItem","position":1,"name":"Startseite","item":"https:\/\/pfarrverband-passau-heining.de\/kindergarten-schalding\/"},{"@type":"ListItem","position":2,"name":"P\u00e4dagogik"}]},{"@type":"WebSite","@id":"https:\/\/pfarrverband-passau-heining.de\/kindergarten-schalding\/#website","url":"https:\/\/pfarrverband-passau-heining.de\/kindergarten-schalding\/","name":"Kindergarten Schalding","description":"","potentialAction":[{"@type":"SearchAction","target":{"@type":"EntryPoint","urlTemplate":"https:\/\/pfarrverband-passau-heining.de\/kindergarten-schalding\/?s={search_term_string}"},"query-input":{"@type":"PropertyValueSpecification","valueRequired":true,"valueName":"search_term_string"}}],"inLanguage":"de"}]}},"meta_box":{"imic_strict_no_header":"0","imic_page_topbar_show":"","imic_page_specific_header":"","imic_page_logo_image":[],"imic_page_retina_logo_image":[],"imic_page_retina_logo_image_width":"","imic_page_retina_logo_image_height":"","imic_page_layout":"","imic_content_width":"","imic_content_padding_top":"","imic_content_padding_bottom":"","imic_pages_body_bg_color":"","imic_pages_body_bg_image":[],"imic_pages_body_bg_wide":"0","imic_pages_body_bg_repeat":"repeat","imic_pages_content_bg_color":"","imic_pages_content_bg_image":[],"imic_pages_content_bg_wide":"0","imic_pages_content_bg_repeat":"repeat","imic_page_header_show":"1","imic_pages_Choose_slider_display":"0","imic_header_image":[],"imic_pages_select_revolution_from_list":"","imic_pages_select_smart_from_list":"","imic_pages_slider_height":"","imic_pages_slider_image":[],"imic_pages_slider_auto_slide":"yes","imic_pages_slider_speed":"","imic_pages_slider_pagination":"yes","imic_pages_slider_direction_arrows":"yes","imic_pages_slider_effects":"fade","imic_pages_banner_color":"","imic_pages_breadcrumb_show":"1","imic_pages_title_show":"0","imic_pages_banner_bg_color":"","imic_post_page_custom_title":"","imic_pages_banner_text_color":"","imic_pages_title_alignment":"","imic_page_social_share":"1","imic_select_sidebar_from_list":"","imic_select_sidebar_position":"","imic_contact_email":"support@webinx.eu","imic_contact_subject":"","imic_our_location_text":"","imic_contact_map_display":"no","imic_contact_map_box_code":"","imic_Choose_slider_display":"0","imic_select_smart_from_list":"","imic_select_revolution_from_list":"","imic_slider_image":[],"imic_slider_auto_slide":"yes","imic_slider_speed":"","imic_slider_pagination":"yes","imic_slider_direction_arrows":"yes","imic_slider_effects":"fade","imic_switch_categories_post":"1","imic_category_to_show_on_home":[],"imic_number_of_post_cat":[],"imic_upcoming_area":"1","imic_latest_sermon_events_to_show_on":"letest_event","imic_custom_text_message":"","imic_advanced_event_taxonomy":[],"imic_going_on_events":"1","imic_custom_going_on_events_title":"","imic_advanced_sermons_category":[],"imic_all_event_sermon_url":"","imic_imic_featured_blocks":"1","imic_home_featured_blocks":"","imic_home_row_featured_blocks":[],"imic_home_featured_blocks1":"","imic_home_featured_blocks2":"","imic_home_featured_blocks3":"","imic_imic_upcoming_events":"1","imic_upcoming_event_taxonomy":[],"imic_custom_upcoming_events_title":"","imic_events_to_show_on":"","imic_imic_recent_posts":"1","imic_recent_post_taxonomy":[],"imic_custom_latest_news_title":"","imic_posts_to_show_on":"","imic_recent_posts_rmbutton":"2","imic_recent_posts_rmbutton_text":"","imic_imic_galleries":"1","imic_home_gallery_taxonomy":[],"imic_custom_gallery_title":"","imic_custom_more_galleries_title":"","imic_custom_more_galleries_url":"","imic_galleries_to_show_on":"","imic_galleries_background_image":[],"imic_switch_sermon_album":"1","imic_custom_albums_title":"","imic_number_of_sermon_albums":"","imic_sermon_albums_url":"","imic_gallery_pagination_to_show_on":"","imic_gallery_pagination_columns_layout":"","imic_show_gallery_title":"0","imic_gallery_masonry_to_show_on":"","imic_show_gallery_title_masonry":"0","imic_gallery_filter_columns_layout":"3","imic_show_gallery_title_filter":"0","imic_advanced_gallery_taxonomy":[],"imic_advanced_event_list_taxonomy":[],"imic_advanced_post_taxonomy":[],"imic_advanced_blog_taxonomy":[],"imic_staff_to_show_on":"","imic_staff_grid_column":"4","imic_advanced_staff_taxonomy":[],"imic_staff_select_orderby":"ID","imic_staff_select_order":"ASC","imic_staff_excerpt_length":"","imic_events_timeline_view":"future","imic_event_timeline_per_page":"","imic_blog_masonry_thumbnails":"0","imic_albums_select_orderby":"count","imic_albums_select_order":"ASC","imic_sermon_categories_custom_order":[]},"_links":{"self":[{"href":"https:\/\/pfarrverband-passau-heining.de\/kindergarten-schalding\/wp-json\/wp\/v2\/pages\/133","targetHints":{"allow":["GET"]}}],"collection":[{"href":"https:\/\/pfarrverband-passau-heining.de\/kindergarten-schalding\/wp-json\/wp\/v2\/pages"}],"about":[{"href":"https:\/\/pfarrverband-passau-heining.de\/kindergarten-schalding\/wp-json\/wp\/v2\/types\/page"}],"author":[{"embeddable":true,"href":"https:\/\/pfarrverband-passau-heining.de\/kindergarten-schalding\/wp-json\/wp\/v2\/users\/2"}],"replies":[{"embeddable":true,"href":"https:\/\/pfarrverband-passau-heining.de\/kindergarten-schalding\/wp-json\/wp\/v2\/comments?post=133"}],"version-history":[{"count":7,"href":"https:\/\/pfarrverband-passau-heining.de\/kindergarten-schalding\/wp-json\/wp\/v2\/pages\/133\/revisions"}],"predecessor-version":[{"id":342,"href":"https:\/\/pfarrverband-passau-heining.de\/kindergarten-schalding\/wp-json\/wp\/v2\/pages\/133\/revisions\/342"}],"wp:attachment":[{"href":"https:\/\/pfarrverband-passau-heining.de\/kindergarten-schalding\/wp-json\/wp\/v2\/media?parent=133"}],"curies":[{"name":"wp","href":"https:\/\/api.w.org\/{rel}","templated":true}]}}