{"id":1086,"date":"2025-03-21T14:47:30","date_gmt":"2025-03-21T13:47:30","guid":{"rendered":"https:\/\/pfarrverband-passau-heining.de\/kindergarten-schalding\/?page_id=1086"},"modified":"2025-03-21T21:38:43","modified_gmt":"2025-03-21T20:38:43","slug":"fachdienste","status":"publish","type":"page","link":"https:\/\/pfarrverband-passau-heining.de\/kindergarten-schalding\/fachdienste\/","title":{"rendered":"Fachdienste"},"content":{"rendered":"\t\t<div data-elementor-type=\"wp-page\" data-elementor-id=\"1086\" class=\"elementor elementor-1086\" data-elementor-post-type=\"page\">\n\t\t\t\t\t\t<section class=\"elementor-section elementor-top-section elementor-element elementor-element-1866ac5 elementor-section-boxed elementor-section-height-default elementor-section-height-default\" data-id=\"1866ac5\" data-element_type=\"section\" data-e-type=\"section\">\n\t\t\t\t\t\t<div class=\"elementor-container elementor-column-gap-default\">\n\t\t\t\t\t<div class=\"elementor-column elementor-col-100 elementor-top-column elementor-element elementor-element-f8e4bb1\" data-id=\"f8e4bb1\" data-element_type=\"column\" data-e-type=\"column\">\n\t\t\t<div class=\"elementor-widget-wrap elementor-element-populated\">\n\t\t\t\t\t\t<div class=\"elementor-element elementor-element-71f87b8 elementor-widget elementor-widget-text-editor\" data-id=\"71f87b8\" data-element_type=\"widget\" data-e-type=\"widget\" data-widget_type=\"text-editor.default\">\n\t\t\t\t<div class=\"elementor-widget-container\">\n\t\t\t\t\t\t\t\t\t<p><strong>Unterst\u00fctzung bei der Verwirklichung unserer Ziele<\/strong><\/p><p>Es ist uns wichtig, dass jedes Kind individuell nach seinen Bed\u00fcrfnissen abgestimmte und zus\u00e4tzliche F\u00f6rderung bekommt. Dies wird erm\u00f6glicht durch die Zusammenarbeit mit p\u00e4dagogischen Fachdiensten, die direkt zu uns ins Haus kommen, wie z.B.:<\/p><ul><li><span style=\"text-decoration: underline;\"><a href=\"http:\/\/www.fruehfoerderung-passau.de\/\">Caritas-Fr\u00fchf\u00f6rderung<\/a><\/span><\/li><li><a href=\"http:\/\/www.fruehfoerderung-passau.de\/83133.html\"><span style=\"text-decoration: underline;\">P\u00e4dagogisch- Psychologischer Dienst<\/span><\/a><\/li><\/ul><p>Bei Fragen, Sorgen oder W\u00fcnschen wenden Sie sich an uns, wir beraten und vermitteln Sie gerne weiter.<\/p>\t\t\t\t\t\t\t\t<\/div>\n\t\t\t\t<\/div>\n\t\t\t\t\t<\/div>\n\t\t<\/div>\n\t\t\t\t\t<\/div>\n\t\t<\/section>\n\t\t\t\t<\/div>\n\t\t","protected":false},"excerpt":{"rendered":"<p>Unterst\u00fctzung bei der Verwirklichung unserer Ziele Es ist uns wichtig, dass jedes Kind individuell nach seinen Bed\u00fcrfnissen abgestimmte und zus\u00e4tzliche F\u00f6rderung bekommt. Dies wird erm\u00f6glicht durch die Zusammenarbeit mit p\u00e4dagogischen [&hellip;]<\/p>\n","protected":false},"author":2,"featured_media":0,"parent":0,"menu_order":0,"comment_status":"closed","ping_status":"closed","template":"","meta":{"footnotes":""},"class_list":["post-1086","page","type-page","status-publish","hentry"],"yoast_head":"<!-- This site is optimized with the Yoast SEO plugin v27.5 - https:\/\/yoast.com\/product\/yoast-seo-wordpress\/ -->\n<title>Fachdienste - Kindergarten Schalding<\/title>\n<meta name=\"robots\" content=\"index, follow, max-snippet:-1, max-image-preview:large, max-video-preview:-1\" \/>\n<link rel=\"canonical\" href=\"https:\/\/pfarrverband-passau-heining.de\/kindergarten-schalding\/fachdienste\/\" \/>\n<meta property=\"og:locale\" content=\"de_DE\" \/>\n<meta property=\"og:type\" content=\"article\" \/>\n<meta property=\"og:title\" content=\"Fachdienste - Kindergarten Schalding\" \/>\n<meta property=\"og:description\" content=\"Unterst\u00fctzung bei der Verwirklichung unserer Ziele Es ist uns wichtig, dass jedes Kind individuell nach seinen Bed\u00fcrfnissen abgestimmte und zus\u00e4tzliche F\u00f6rderung bekommt. Dies wird erm\u00f6glicht durch die Zusammenarbeit mit p\u00e4dagogischen [&hellip;]\" \/>\n<meta property=\"og:url\" content=\"https:\/\/pfarrverband-passau-heining.de\/kindergarten-schalding\/fachdienste\/\" \/>\n<meta property=\"og:site_name\" content=\"Kindergarten Schalding\" \/>\n<meta property=\"article:modified_time\" content=\"2025-03-21T20:38:43+00:00\" \/>\n<meta name=\"twitter:card\" content=\"summary_large_image\" \/>\n<meta name=\"twitter:label1\" content=\"Gesch\u00e4tzte Lesezeit\" \/>\n\t<meta name=\"twitter:data1\" content=\"1\u00a0Minute\" \/>\n<script type=\"application\/ld+json\" class=\"yoast-schema-graph\">{\"@context\":\"https:\\\/\\\/schema.org\",\"@graph\":[{\"@type\":\"WebPage\",\"@id\":\"https:\\\/\\\/pfarrverband-passau-heining.de\\\/kindergarten-schalding\\\/fachdienste\\\/\",\"url\":\"https:\\\/\\\/pfarrverband-passau-heining.de\\\/kindergarten-schalding\\\/fachdienste\\\/\",\"name\":\"Fachdienste - Kindergarten Schalding\",\"isPartOf\":{\"@id\":\"https:\\\/\\\/pfarrverband-passau-heining.de\\\/kindergarten-schalding\\\/#website\"},\"datePublished\":\"2025-03-21T13:47:30+00:00\",\"dateModified\":\"2025-03-21T20:38:43+00:00\",\"breadcrumb\":{\"@id\":\"https:\\\/\\\/pfarrverband-passau-heining.de\\\/kindergarten-schalding\\\/fachdienste\\\/#breadcrumb\"},\"inLanguage\":\"de\",\"potentialAction\":[{\"@type\":\"ReadAction\",\"target\":[\"https:\\\/\\\/pfarrverband-passau-heining.de\\\/kindergarten-schalding\\\/fachdienste\\\/\"]}]},{\"@type\":\"BreadcrumbList\",\"@id\":\"https:\\\/\\\/pfarrverband-passau-heining.de\\\/kindergarten-schalding\\\/fachdienste\\\/#breadcrumb\",\"itemListElement\":[{\"@type\":\"ListItem\",\"position\":1,\"name\":\"Startseite\",\"item\":\"https:\\\/\\\/pfarrverband-passau-heining.de\\\/kindergarten-schalding\\\/\"},{\"@type\":\"ListItem\",\"position\":2,\"name\":\"Fachdienste\"}]},{\"@type\":\"WebSite\",\"@id\":\"https:\\\/\\\/pfarrverband-passau-heining.de\\\/kindergarten-schalding\\\/#website\",\"url\":\"https:\\\/\\\/pfarrverband-passau-heining.de\\\/kindergarten-schalding\\\/\",\"name\":\"Kindergarten Schalding\",\"description\":\"\",\"potentialAction\":[{\"@type\":\"SearchAction\",\"target\":{\"@type\":\"EntryPoint\",\"urlTemplate\":\"https:\\\/\\\/pfarrverband-passau-heining.de\\\/kindergarten-schalding\\\/?s={search_term_string}\"},\"query-input\":{\"@type\":\"PropertyValueSpecification\",\"valueRequired\":true,\"valueName\":\"search_term_string\"}}],\"inLanguage\":\"de\"}]}<\/script>\n<!-- \/ Yoast SEO plugin. -->","yoast_head_json":{"title":"Fachdienste - Kindergarten Schalding","robots":{"index":"index","follow":"follow","max-snippet":"max-snippet:-1","max-image-preview":"max-image-preview:large","max-video-preview":"max-video-preview:-1"},"canonical":"https:\/\/pfarrverband-passau-heining.de\/kindergarten-schalding\/fachdienste\/","og_locale":"de_DE","og_type":"article","og_title":"Fachdienste - Kindergarten Schalding","og_description":"Unterst\u00fctzung bei der Verwirklichung unserer Ziele Es ist uns wichtig, dass jedes Kind individuell nach seinen Bed\u00fcrfnissen abgestimmte und zus\u00e4tzliche F\u00f6rderung bekommt. Dies wird erm\u00f6glicht durch die Zusammenarbeit mit p\u00e4dagogischen [&hellip;]","og_url":"https:\/\/pfarrverband-passau-heining.de\/kindergarten-schalding\/fachdienste\/","og_site_name":"Kindergarten Schalding","article_modified_time":"2025-03-21T20:38:43+00:00","twitter_card":"summary_large_image","twitter_misc":{"Gesch\u00e4tzte Lesezeit":"1\u00a0Minute"},"schema":{"@context":"https:\/\/schema.org","@graph":[{"@type":"WebPage","@id":"https:\/\/pfarrverband-passau-heining.de\/kindergarten-schalding\/fachdienste\/","url":"https:\/\/pfarrverband-passau-heining.de\/kindergarten-schalding\/fachdienste\/","name":"Fachdienste - Kindergarten Schalding","isPartOf":{"@id":"https:\/\/pfarrverband-passau-heining.de\/kindergarten-schalding\/#website"},"datePublished":"2025-03-21T13:47:30+00:00","dateModified":"2025-03-21T20:38:43+00:00","breadcrumb":{"@id":"https:\/\/pfarrverband-passau-heining.de\/kindergarten-schalding\/fachdienste\/#breadcrumb"},"inLanguage":"de","potentialAction":[{"@type":"ReadAction","target":["https:\/\/pfarrverband-passau-heining.de\/kindergarten-schalding\/fachdienste\/"]}]},{"@type":"BreadcrumbList","@id":"https:\/\/pfarrverband-passau-heining.de\/kindergarten-schalding\/fachdienste\/#breadcrumb","itemListElement":[{"@type":"ListItem","position":1,"name":"Startseite","item":"https:\/\/pfarrverband-passau-heining.de\/kindergarten-schalding\/"},{"@type":"ListItem","position":2,"name":"Fachdienste"}]},{"@type":"WebSite","@id":"https:\/\/pfarrverband-passau-heining.de\/kindergarten-schalding\/#website","url":"https:\/\/pfarrverband-passau-heining.de\/kindergarten-schalding\/","name":"Kindergarten Schalding","description":"","potentialAction":[{"@type":"SearchAction","target":{"@type":"EntryPoint","urlTemplate":"https:\/\/pfarrverband-passau-heining.de\/kindergarten-schalding\/?s={search_term_string}"},"query-input":{"@type":"PropertyValueSpecification","valueRequired":true,"valueName":"search_term_string"}}],"inLanguage":"de"}]}},"meta_box":{"imic_strict_no_header":"0","imic_page_topbar_show":"","imic_page_specific_header":"","imic_page_logo_image":[],"imic_page_retina_logo_image":[],"imic_page_retina_logo_image_width":"","imic_page_retina_logo_image_height":"","imic_page_layout":"","imic_content_width":"","imic_content_padding_top":"","imic_content_padding_bottom":"","imic_pages_body_bg_color":"","imic_pages_body_bg_image":[],"imic_pages_body_bg_wide":"0","imic_pages_body_bg_repeat":"repeat","imic_pages_content_bg_color":"","imic_pages_content_bg_image":[],"imic_pages_content_bg_wide":"0","imic_pages_content_bg_repeat":"repeat","imic_page_header_show":"1","imic_pages_Choose_slider_display":"0","imic_header_image":[],"imic_pages_select_revolution_from_list":"","imic_pages_select_smart_from_list":"","imic_pages_slider_height":"","imic_pages_slider_image":[],"imic_pages_slider_auto_slide":"yes","imic_pages_slider_speed":"","imic_pages_slider_pagination":"yes","imic_pages_slider_direction_arrows":"yes","imic_pages_slider_effects":"fade","imic_pages_banner_color":"","imic_pages_breadcrumb_show":"1","imic_pages_title_show":"0","imic_pages_banner_bg_color":"","imic_post_page_custom_title":"","imic_pages_banner_text_color":"","imic_pages_title_alignment":"","imic_page_social_share":"1","imic_select_sidebar_from_list":"","imic_select_sidebar_position":"","imic_contact_email":"support@webinx.eu","imic_contact_subject":"","imic_our_location_text":"","imic_contact_map_display":"no","imic_contact_map_box_code":"","imic_Choose_slider_display":"0","imic_select_smart_from_list":"","imic_select_revolution_from_list":"","imic_slider_image":[],"imic_slider_auto_slide":"yes","imic_slider_speed":"","imic_slider_pagination":"yes","imic_slider_direction_arrows":"yes","imic_slider_effects":"fade","imic_switch_categories_post":"1","imic_category_to_show_on_home":["6"],"imic_number_of_post_cat":[],"imic_upcoming_area":"1","imic_latest_sermon_events_to_show_on":"letest_event","imic_custom_text_message":"","imic_advanced_event_taxonomy":[],"imic_going_on_events":"1","imic_custom_going_on_events_title":"","imic_advanced_sermons_category":[],"imic_all_event_sermon_url":"","imic_imic_featured_blocks":"1","imic_home_featured_blocks":"","imic_home_row_featured_blocks":[],"imic_home_featured_blocks1":"","imic_home_featured_blocks2":"","imic_home_featured_blocks3":"","imic_imic_upcoming_events":"1","imic_upcoming_event_taxonomy":[],"imic_custom_upcoming_events_title":"","imic_events_to_show_on":"","imic_imic_recent_posts":"1","imic_recent_post_taxonomy":[],"imic_custom_latest_news_title":"","imic_posts_to_show_on":"","imic_recent_posts_rmbutton":"2","imic_recent_posts_rmbutton_text":"","imic_imic_galleries":"1","imic_home_gallery_taxonomy":[],"imic_custom_gallery_title":"","imic_custom_more_galleries_title":"","imic_custom_more_galleries_url":"","imic_galleries_to_show_on":"","imic_galleries_background_image":[],"imic_switch_sermon_album":"1","imic_custom_albums_title":"","imic_number_of_sermon_albums":"","imic_sermon_albums_url":"","imic_gallery_pagination_to_show_on":"","imic_gallery_pagination_columns_layout":"","imic_show_gallery_title":"0","imic_gallery_masonry_to_show_on":"","imic_show_gallery_title_masonry":"0","imic_gallery_filter_columns_layout":"3","imic_show_gallery_title_filter":"0","imic_advanced_gallery_taxonomy":[],"imic_advanced_event_list_taxonomy":[],"imic_advanced_post_taxonomy":[],"imic_advanced_blog_taxonomy":[],"imic_staff_to_show_on":"","imic_staff_grid_column":"4","imic_advanced_staff_taxonomy":[],"imic_staff_select_orderby":"ID","imic_staff_select_order":"ASC","imic_staff_excerpt_length":"","imic_events_timeline_view":"future","imic_event_timeline_per_page":"","imic_blog_masonry_thumbnails":"0","imic_albums_select_orderby":"count","imic_albums_select_order":"ASC","imic_sermon_categories_custom_order":[]},"_links":{"self":[{"href":"https:\/\/pfarrverband-passau-heining.de\/kindergarten-schalding\/wp-json\/wp\/v2\/pages\/1086","targetHints":{"allow":["GET"]}}],"collection":[{"href":"https:\/\/pfarrverband-passau-heining.de\/kindergarten-schalding\/wp-json\/wp\/v2\/pages"}],"about":[{"href":"https:\/\/pfarrverband-passau-heining.de\/kindergarten-schalding\/wp-json\/wp\/v2\/types\/page"}],"author":[{"embeddable":true,"href":"https:\/\/pfarrverband-passau-heining.de\/kindergarten-schalding\/wp-json\/wp\/v2\/users\/2"}],"replies":[{"embeddable":true,"href":"https:\/\/pfarrverband-passau-heining.de\/kindergarten-schalding\/wp-json\/wp\/v2\/comments?post=1086"}],"version-history":[{"count":10,"href":"https:\/\/pfarrverband-passau-heining.de\/kindergarten-schalding\/wp-json\/wp\/v2\/pages\/1086\/revisions"}],"predecessor-version":[{"id":1150,"href":"https:\/\/pfarrverband-passau-heining.de\/kindergarten-schalding\/wp-json\/wp\/v2\/pages\/1086\/revisions\/1150"}],"wp:attachment":[{"href":"https:\/\/pfarrverband-passau-heining.de\/kindergarten-schalding\/wp-json\/wp\/v2\/media?parent=1086"}],"curies":[{"name":"wp","href":"https:\/\/api.w.org\/{rel}","templated":true}]}}