{"id":1061,"date":"2025-03-21T08:58:50","date_gmt":"2025-03-21T07:58:50","guid":{"rendered":"https:\/\/pfarrverband-passau-heining.de\/kindergarten-schalding\/?page_id=1061"},"modified":"2026-03-09T08:41:46","modified_gmt":"2026-03-09T07:41:46","slug":"eltern","status":"publish","type":"page","link":"https:\/\/pfarrverband-passau-heining.de\/kindergarten-schalding\/eltern\/","title":{"rendered":"Eltern"},"content":{"rendered":"\t\t<div data-elementor-type=\"wp-page\" data-elementor-id=\"1061\" class=\"elementor elementor-1061\" data-elementor-post-type=\"page\">\n\t\t\t\t\t\t<section class=\"elementor-section elementor-top-section elementor-element elementor-element-d8f2903 elementor-section-boxed elementor-section-height-default elementor-section-height-default\" data-id=\"d8f2903\" data-element_type=\"section\" data-e-type=\"section\">\n\t\t\t\t\t\t<div class=\"elementor-container elementor-column-gap-default\">\n\t\t\t\t\t<div class=\"elementor-column elementor-col-100 elementor-top-column elementor-element elementor-element-0192f35\" data-id=\"0192f35\" data-element_type=\"column\" data-e-type=\"column\">\n\t\t\t<div class=\"elementor-widget-wrap elementor-element-populated\">\n\t\t\t\t\t\t<div class=\"elementor-element elementor-element-b323cc2 elementor-widget elementor-widget-text-editor\" data-id=\"b323cc2\" data-element_type=\"widget\" data-e-type=\"widget\" data-widget_type=\"text-editor.default\">\n\t\t\t\t<div class=\"elementor-widget-container\">\n\t\t\t\t\t\t\t\t\t<p><strong>Eltern<\/strong><\/p><p>Unsere Einrichtung arbeitet familienerg\u00e4nzend und -unterst\u00fctzend.<\/p><p>Eltern sorgen sich um die Grundbed\u00fcrfnisse ihres Kindes, nehmen ihren Erziehungsauftrag Ernst und vertrauen uns ihr Kind an.<\/p><p>So teilen wir uns die Verantwortung der Erziehung und erg\u00e4nzen diese mit fachlichem Rat, p\u00e4dagogischer Erfahrung und vertrauensvoller Zusammenarbeit. In diesem Zusammenwirken haben wir immer das Wohl des Kindes und dessen Entwicklung im Blick.<\/p><p><strong>Angebote f\u00fcr Eltern<\/strong><\/p><ul><li>Elterngespr\u00e4che<\/li><li>Entwicklungsgespr\u00e4che<\/li><li>kontinuierliche Informationen<\/li><li>Elternbriefe<\/li><li>Elternnachmittage<\/li><li>gemeinsame Veranstaltungen<\/li><\/ul><p>Im Bayerischen Kinderbildungs- und -betreuungsgesetz liegt zugrunde, wie wichtig, ja verpflichtend die Einrichtung eines Elternbeirats und die partnerschaftliche Zusammenarbeit damit ist.<\/p><p>Wir begegnen uns als Partner in gemeinsamer Verantwortung.<\/p><p><strong>Elternbeirat<\/strong><\/p><p>Der Elternbeirat versteht sich als Erziehungspartner in der Erziehungsgemeinschaft zwischen Eltern, Tr\u00e4ger und Team.<\/p><p>In gemeinsamen regelm\u00e4\u00dfigen Elternbeiratssitzungen sprechen wir \u00fcber Jahresthema, aktuelle Situation, geplante Vorhaben, Aktionen, belastende Faktoren usw. Gemeinsam erstellen wir eine Jahresplanung (Schlie\u00dftage, Feste,\u2026), ein Angebot an Aktivit\u00e4ten f\u00fcr Familien oder Kinder, wobei auf Zusatzw\u00fcnsche einzelner Eltern nach M\u00f6glichkeit flexibel eingegangen wird.<\/p><p>Wir, die von den Eltern gew\u00e4hlten Vertreter sind offen f\u00fcr Anregungen und Anliegen seitens der Eltern, Vereine, Institutionen&#8230;<\/p><p>Der Elternbeirat unterst\u00fctzt das Team, nicht nur bei der Vorbereitung und Durchf\u00fchrung von Festen (St. Martin, Fasching, Sommerfest, Abschlussfeier\u2026), Aktionen (Theaterbesuche, Ausfl\u00fcge, Projekte\u2026) sondern auch ideell und materiell.<\/p><p><strong>Elternbeirat aktuell<\/strong><\/p><p>Auch in diesem Jahr haben sich wieder Eltern zusammengefunden, die sich engagiert und voller Tatendrang f\u00fcr den Kindergarten einsetzten wollen. Der diesj\u00e4hrige Elternbeirat setzt sich aus 10 Mitgliedern zusammen, deren Ziel es ist, eine vertrauensvolle Zusammenarbeit mit Eltern und dem Kindergarten-Team zu schaffen, um wieder viele tolle Projekte und Spielsachen zum Wohle der Kinder finanzieren zu k\u00f6nnen!<\/p>\t\t\t\t\t\t\t\t<\/div>\n\t\t\t\t<\/div>\n\t\t\t\t\t<\/div>\n\t\t<\/div>\n\t\t\t\t\t<\/div>\n\t\t<\/section>\n\t\t\t\t<section class=\"elementor-section elementor-top-section elementor-element elementor-element-c9bf358 elementor-section-boxed elementor-section-height-default elementor-section-height-default\" data-id=\"c9bf358\" data-element_type=\"section\" data-e-type=\"section\">\n\t\t\t\t\t\t<div class=\"elementor-container elementor-column-gap-default\">\n\t\t\t\t\t<div class=\"elementor-column elementor-col-50 elementor-top-column elementor-element elementor-element-877aefe\" data-id=\"877aefe\" data-element_type=\"column\" data-e-type=\"column\">\n\t\t\t<div class=\"elementor-widget-wrap elementor-element-populated\">\n\t\t\t\t\t\t<div class=\"elementor-element elementor-element-7719ae9 elementor-widget elementor-widget-image\" data-id=\"7719ae9\" data-element_type=\"widget\" data-e-type=\"widget\" data-widget_type=\"image.default\">\n\t\t\t\t<div class=\"elementor-widget-container\">\n\t\t\t\t\t\t\t\t\t\t\t\t\t\t\t<img fetchpriority=\"high\" decoding=\"async\" width=\"680\" height=\"511\" src=\"https:\/\/pfarrverband-passau-heining.de\/kindergarten-schalding\/wp-content\/uploads\/sites\/3\/2026\/03\/WhatsApp-Image-2026-01-19-at-09.48.47-1024x769.jpeg\" class=\"attachment-large size-large wp-image-1727\" alt=\"Elternbeirat\" srcset=\"https:\/\/pfarrverband-passau-heining.de\/kindergarten-schalding\/wp-content\/uploads\/sites\/3\/2026\/03\/WhatsApp-Image-2026-01-19-at-09.48.47-1024x769.jpeg 1024w, https:\/\/pfarrverband-passau-heining.de\/kindergarten-schalding\/wp-content\/uploads\/sites\/3\/2026\/03\/WhatsApp-Image-2026-01-19-at-09.48.47-300x225.jpeg 300w, https:\/\/pfarrverband-passau-heining.de\/kindergarten-schalding\/wp-content\/uploads\/sites\/3\/2026\/03\/WhatsApp-Image-2026-01-19-at-09.48.47-768x576.jpeg 768w, https:\/\/pfarrverband-passau-heining.de\/kindergarten-schalding\/wp-content\/uploads\/sites\/3\/2026\/03\/WhatsApp-Image-2026-01-19-at-09.48.47-1536x1153.jpeg 1536w, https:\/\/pfarrverband-passau-heining.de\/kindergarten-schalding\/wp-content\/uploads\/sites\/3\/2026\/03\/WhatsApp-Image-2026-01-19-at-09.48.47-958x719.jpeg 958w, https:\/\/pfarrverband-passau-heining.de\/kindergarten-schalding\/wp-content\/uploads\/sites\/3\/2026\/03\/WhatsApp-Image-2026-01-19-at-09.48.47.jpeg 2048w\" sizes=\"(max-width: 680px) 100vw, 680px\" \/>\t\t\t\t\t\t\t\t\t\t\t\t\t\t\t<\/div>\n\t\t\t\t<\/div>\n\t\t\t\t\t<\/div>\n\t\t<\/div>\n\t\t\t\t<div class=\"elementor-column elementor-col-50 elementor-top-column elementor-element elementor-element-10fe90e\" data-id=\"10fe90e\" data-element_type=\"column\" data-e-type=\"column\">\n\t\t\t<div class=\"elementor-widget-wrap elementor-element-populated\">\n\t\t\t\t\t\t<div class=\"elementor-element elementor-element-ce1b5fe elementor-widget elementor-widget-text-editor\" data-id=\"ce1b5fe\" data-element_type=\"widget\" data-e-type=\"widget\" data-widget_type=\"text-editor.default\">\n\t\t\t\t<div class=\"elementor-widget-container\">\n\t\t\t\t\t\t\t\t\t<p><strong>Dominique Rieger<\/strong>, 1. Vorsitzende\u00a0<\/p><p style=\"font-weight: 400;\"><strong>Markus Ratzer<\/strong>, 2. Vorsitzender<\/p><p><strong>Stephan Nagelm\u00fcller<\/strong>, 3. Vorsitzender<\/p><p><strong>Vanessa Szekendi<\/strong>, Pressearbeit<\/p><p><strong>Alina Schneider<\/strong>, Pressearbeit<\/p><p style=\"font-weight: 400;\"><strong>Theresa Seiler<\/strong>, Kassenwartin<\/p><p style=\"font-weight: 400;\"><strong>Birgit Heidenberger<\/strong>, Vergn\u00fcgungswartin<\/p><p><strong>J\u00fcrgen Heidenberger<\/strong>, Vergn\u00fcgungswart<\/p><p><strong>Tobias Hager<\/strong>, Kassenpr\u00fcfer<\/p><p><strong>Verena H\u00f6gl<\/strong>, Schriftf\u00fchrerin<\/p>\t\t\t\t\t\t\t\t<\/div>\n\t\t\t\t<\/div>\n\t\t\t\t\t<\/div>\n\t\t<\/div>\n\t\t\t\t\t<\/div>\n\t\t<\/section>\n\t\t\t\t<\/div>\n\t\t","protected":false},"excerpt":{"rendered":"<p>Eltern Unsere Einrichtung arbeitet familienerg\u00e4nzend und -unterst\u00fctzend. Eltern sorgen sich um die Grundbed\u00fcrfnisse ihres Kindes, nehmen ihren Erziehungsauftrag Ernst und vertrauen uns ihr Kind an. So teilen wir uns die [&hellip;]<\/p>\n","protected":false},"author":2,"featured_media":0,"parent":0,"menu_order":0,"comment_status":"closed","ping_status":"closed","template":"","meta":{"footnotes":""},"class_list":["post-1061","page","type-page","status-publish","hentry"],"yoast_head":"<!-- This site is optimized with the Yoast SEO plugin v27.5 - https:\/\/yoast.com\/product\/yoast-seo-wordpress\/ -->\n<title>Eltern - Kindergarten Schalding<\/title>\n<meta name=\"robots\" content=\"index, follow, max-snippet:-1, max-image-preview:large, max-video-preview:-1\" \/>\n<link rel=\"canonical\" href=\"https:\/\/pfarrverband-passau-heining.de\/kindergarten-schalding\/eltern\/\" \/>\n<meta property=\"og:locale\" content=\"de_DE\" \/>\n<meta property=\"og:type\" content=\"article\" \/>\n<meta property=\"og:title\" content=\"Eltern - Kindergarten Schalding\" \/>\n<meta property=\"og:description\" content=\"Eltern Unsere Einrichtung arbeitet familienerg\u00e4nzend und -unterst\u00fctzend. Eltern sorgen sich um die Grundbed\u00fcrfnisse ihres Kindes, nehmen ihren Erziehungsauftrag Ernst und vertrauen uns ihr Kind an. So teilen wir uns die [&hellip;]\" \/>\n<meta property=\"og:url\" content=\"https:\/\/pfarrverband-passau-heining.de\/kindergarten-schalding\/eltern\/\" \/>\n<meta property=\"og:site_name\" content=\"Kindergarten Schalding\" \/>\n<meta property=\"article:modified_time\" content=\"2026-03-09T07:41:46+00:00\" \/>\n<meta property=\"og:image\" content=\"https:\/\/pfarrverband-passau-heining.de\/kindergarten-schalding\/wp-content\/uploads\/sites\/3\/2026\/03\/WhatsApp-Image-2026-01-19-at-09.48.47.jpeg\" \/>\n\t<meta property=\"og:image:width\" content=\"2048\" \/>\n\t<meta property=\"og:image:height\" content=\"1537\" \/>\n\t<meta property=\"og:image:type\" content=\"image\/jpeg\" \/>\n<meta name=\"twitter:card\" content=\"summary_large_image\" \/>\n<meta name=\"twitter:label1\" content=\"Gesch\u00e4tzte Lesezeit\" \/>\n\t<meta name=\"twitter:data1\" content=\"2\u00a0Minuten\" \/>\n<script type=\"application\/ld+json\" class=\"yoast-schema-graph\">{\"@context\":\"https:\\\/\\\/schema.org\",\"@graph\":[{\"@type\":\"WebPage\",\"@id\":\"https:\\\/\\\/pfarrverband-passau-heining.de\\\/kindergarten-schalding\\\/eltern\\\/\",\"url\":\"https:\\\/\\\/pfarrverband-passau-heining.de\\\/kindergarten-schalding\\\/eltern\\\/\",\"name\":\"Eltern - Kindergarten Schalding\",\"isPartOf\":{\"@id\":\"https:\\\/\\\/pfarrverband-passau-heining.de\\\/kindergarten-schalding\\\/#website\"},\"primaryImageOfPage\":{\"@id\":\"https:\\\/\\\/pfarrverband-passau-heining.de\\\/kindergarten-schalding\\\/eltern\\\/#primaryimage\"},\"image\":{\"@id\":\"https:\\\/\\\/pfarrverband-passau-heining.de\\\/kindergarten-schalding\\\/eltern\\\/#primaryimage\"},\"thumbnailUrl\":\"https:\\\/\\\/pfarrverband-passau-heining.de\\\/kindergarten-schalding\\\/wp-content\\\/uploads\\\/sites\\\/3\\\/2026\\\/03\\\/WhatsApp-Image-2026-01-19-at-09.48.47-1024x769.jpeg\",\"datePublished\":\"2025-03-21T07:58:50+00:00\",\"dateModified\":\"2026-03-09T07:41:46+00:00\",\"breadcrumb\":{\"@id\":\"https:\\\/\\\/pfarrverband-passau-heining.de\\\/kindergarten-schalding\\\/eltern\\\/#breadcrumb\"},\"inLanguage\":\"de\",\"potentialAction\":[{\"@type\":\"ReadAction\",\"target\":[\"https:\\\/\\\/pfarrverband-passau-heining.de\\\/kindergarten-schalding\\\/eltern\\\/\"]}]},{\"@type\":\"ImageObject\",\"inLanguage\":\"de\",\"@id\":\"https:\\\/\\\/pfarrverband-passau-heining.de\\\/kindergarten-schalding\\\/eltern\\\/#primaryimage\",\"url\":\"https:\\\/\\\/pfarrverband-passau-heining.de\\\/kindergarten-schalding\\\/wp-content\\\/uploads\\\/sites\\\/3\\\/2026\\\/03\\\/WhatsApp-Image-2026-01-19-at-09.48.47.jpeg\",\"contentUrl\":\"https:\\\/\\\/pfarrverband-passau-heining.de\\\/kindergarten-schalding\\\/wp-content\\\/uploads\\\/sites\\\/3\\\/2026\\\/03\\\/WhatsApp-Image-2026-01-19-at-09.48.47.jpeg\",\"width\":2048,\"height\":1537,\"caption\":\"Gruppenbild\"},{\"@type\":\"BreadcrumbList\",\"@id\":\"https:\\\/\\\/pfarrverband-passau-heining.de\\\/kindergarten-schalding\\\/eltern\\\/#breadcrumb\",\"itemListElement\":[{\"@type\":\"ListItem\",\"position\":1,\"name\":\"Startseite\",\"item\":\"https:\\\/\\\/pfarrverband-passau-heining.de\\\/kindergarten-schalding\\\/\"},{\"@type\":\"ListItem\",\"position\":2,\"name\":\"Eltern\"}]},{\"@type\":\"WebSite\",\"@id\":\"https:\\\/\\\/pfarrverband-passau-heining.de\\\/kindergarten-schalding\\\/#website\",\"url\":\"https:\\\/\\\/pfarrverband-passau-heining.de\\\/kindergarten-schalding\\\/\",\"name\":\"Kindergarten Schalding\",\"description\":\"\",\"potentialAction\":[{\"@type\":\"SearchAction\",\"target\":{\"@type\":\"EntryPoint\",\"urlTemplate\":\"https:\\\/\\\/pfarrverband-passau-heining.de\\\/kindergarten-schalding\\\/?s={search_term_string}\"},\"query-input\":{\"@type\":\"PropertyValueSpecification\",\"valueRequired\":true,\"valueName\":\"search_term_string\"}}],\"inLanguage\":\"de\"}]}<\/script>\n<!-- \/ Yoast SEO plugin. -->","yoast_head_json":{"title":"Eltern - Kindergarten Schalding","robots":{"index":"index","follow":"follow","max-snippet":"max-snippet:-1","max-image-preview":"max-image-preview:large","max-video-preview":"max-video-preview:-1"},"canonical":"https:\/\/pfarrverband-passau-heining.de\/kindergarten-schalding\/eltern\/","og_locale":"de_DE","og_type":"article","og_title":"Eltern - Kindergarten Schalding","og_description":"Eltern Unsere Einrichtung arbeitet familienerg\u00e4nzend und -unterst\u00fctzend. Eltern sorgen sich um die Grundbed\u00fcrfnisse ihres Kindes, nehmen ihren Erziehungsauftrag Ernst und vertrauen uns ihr Kind an. So teilen wir uns die [&hellip;]","og_url":"https:\/\/pfarrverband-passau-heining.de\/kindergarten-schalding\/eltern\/","og_site_name":"Kindergarten Schalding","article_modified_time":"2026-03-09T07:41:46+00:00","og_image":[{"width":2048,"height":1537,"url":"https:\/\/pfarrverband-passau-heining.de\/kindergarten-schalding\/wp-content\/uploads\/sites\/3\/2026\/03\/WhatsApp-Image-2026-01-19-at-09.48.47.jpeg","type":"image\/jpeg"}],"twitter_card":"summary_large_image","twitter_misc":{"Gesch\u00e4tzte Lesezeit":"2\u00a0Minuten"},"schema":{"@context":"https:\/\/schema.org","@graph":[{"@type":"WebPage","@id":"https:\/\/pfarrverband-passau-heining.de\/kindergarten-schalding\/eltern\/","url":"https:\/\/pfarrverband-passau-heining.de\/kindergarten-schalding\/eltern\/","name":"Eltern - Kindergarten Schalding","isPartOf":{"@id":"https:\/\/pfarrverband-passau-heining.de\/kindergarten-schalding\/#website"},"primaryImageOfPage":{"@id":"https:\/\/pfarrverband-passau-heining.de\/kindergarten-schalding\/eltern\/#primaryimage"},"image":{"@id":"https:\/\/pfarrverband-passau-heining.de\/kindergarten-schalding\/eltern\/#primaryimage"},"thumbnailUrl":"https:\/\/pfarrverband-passau-heining.de\/kindergarten-schalding\/wp-content\/uploads\/sites\/3\/2026\/03\/WhatsApp-Image-2026-01-19-at-09.48.47-1024x769.jpeg","datePublished":"2025-03-21T07:58:50+00:00","dateModified":"2026-03-09T07:41:46+00:00","breadcrumb":{"@id":"https:\/\/pfarrverband-passau-heining.de\/kindergarten-schalding\/eltern\/#breadcrumb"},"inLanguage":"de","potentialAction":[{"@type":"ReadAction","target":["https:\/\/pfarrverband-passau-heining.de\/kindergarten-schalding\/eltern\/"]}]},{"@type":"ImageObject","inLanguage":"de","@id":"https:\/\/pfarrverband-passau-heining.de\/kindergarten-schalding\/eltern\/#primaryimage","url":"https:\/\/pfarrverband-passau-heining.de\/kindergarten-schalding\/wp-content\/uploads\/sites\/3\/2026\/03\/WhatsApp-Image-2026-01-19-at-09.48.47.jpeg","contentUrl":"https:\/\/pfarrverband-passau-heining.de\/kindergarten-schalding\/wp-content\/uploads\/sites\/3\/2026\/03\/WhatsApp-Image-2026-01-19-at-09.48.47.jpeg","width":2048,"height":1537,"caption":"Gruppenbild"},{"@type":"BreadcrumbList","@id":"https:\/\/pfarrverband-passau-heining.de\/kindergarten-schalding\/eltern\/#breadcrumb","itemListElement":[{"@type":"ListItem","position":1,"name":"Startseite","item":"https:\/\/pfarrverband-passau-heining.de\/kindergarten-schalding\/"},{"@type":"ListItem","position":2,"name":"Eltern"}]},{"@type":"WebSite","@id":"https:\/\/pfarrverband-passau-heining.de\/kindergarten-schalding\/#website","url":"https:\/\/pfarrverband-passau-heining.de\/kindergarten-schalding\/","name":"Kindergarten Schalding","description":"","potentialAction":[{"@type":"SearchAction","target":{"@type":"EntryPoint","urlTemplate":"https:\/\/pfarrverband-passau-heining.de\/kindergarten-schalding\/?s={search_term_string}"},"query-input":{"@type":"PropertyValueSpecification","valueRequired":true,"valueName":"search_term_string"}}],"inLanguage":"de"}]}},"meta_box":{"imic_strict_no_header":"0","imic_page_topbar_show":"","imic_page_specific_header":"","imic_page_logo_image":[],"imic_page_retina_logo_image":[],"imic_page_retina_logo_image_width":"","imic_page_retina_logo_image_height":"","imic_page_layout":"","imic_content_width":"","imic_content_padding_top":"","imic_content_padding_bottom":"","imic_pages_body_bg_color":"","imic_pages_body_bg_image":[],"imic_pages_body_bg_wide":"0","imic_pages_body_bg_repeat":"repeat","imic_pages_content_bg_color":"","imic_pages_content_bg_image":[],"imic_pages_content_bg_wide":"0","imic_pages_content_bg_repeat":"repeat","imic_page_header_show":"1","imic_pages_Choose_slider_display":"0","imic_header_image":[],"imic_pages_select_revolution_from_list":"","imic_pages_select_smart_from_list":"","imic_pages_slider_height":"","imic_pages_slider_image":[],"imic_pages_slider_auto_slide":"yes","imic_pages_slider_speed":"","imic_pages_slider_pagination":"yes","imic_pages_slider_direction_arrows":"yes","imic_pages_slider_effects":"fade","imic_pages_banner_color":"","imic_pages_breadcrumb_show":"1","imic_pages_title_show":"0","imic_pages_banner_bg_color":"","imic_post_page_custom_title":"","imic_pages_banner_text_color":"","imic_pages_title_alignment":"","imic_page_social_share":"1","imic_select_sidebar_from_list":"","imic_select_sidebar_position":"","imic_contact_email":"support@webinx.eu","imic_contact_subject":"","imic_our_location_text":"","imic_contact_map_display":"no","imic_contact_map_box_code":"","imic_Choose_slider_display":"0","imic_select_smart_from_list":"","imic_select_revolution_from_list":"","imic_slider_image":[],"imic_slider_auto_slide":"yes","imic_slider_speed":"","imic_slider_pagination":"yes","imic_slider_direction_arrows":"yes","imic_slider_effects":"fade","imic_switch_categories_post":"1","imic_category_to_show_on_home":["6"],"imic_number_of_post_cat":[],"imic_upcoming_area":"1","imic_latest_sermon_events_to_show_on":"letest_event","imic_custom_text_message":"","imic_advanced_event_taxonomy":[],"imic_going_on_events":"1","imic_custom_going_on_events_title":"","imic_advanced_sermons_category":[],"imic_all_event_sermon_url":"","imic_imic_featured_blocks":"1","imic_home_featured_blocks":"","imic_home_row_featured_blocks":[],"imic_home_featured_blocks1":"","imic_home_featured_blocks2":"","imic_home_featured_blocks3":"","imic_imic_upcoming_events":"1","imic_upcoming_event_taxonomy":[],"imic_custom_upcoming_events_title":"","imic_events_to_show_on":"","imic_imic_recent_posts":"1","imic_recent_post_taxonomy":[],"imic_custom_latest_news_title":"","imic_posts_to_show_on":"","imic_recent_posts_rmbutton":"2","imic_recent_posts_rmbutton_text":"","imic_imic_galleries":"1","imic_home_gallery_taxonomy":[],"imic_custom_gallery_title":"","imic_custom_more_galleries_title":"","imic_custom_more_galleries_url":"","imic_galleries_to_show_on":"","imic_galleries_background_image":[],"imic_switch_sermon_album":"1","imic_custom_albums_title":"","imic_number_of_sermon_albums":"","imic_sermon_albums_url":"","imic_gallery_pagination_to_show_on":"","imic_gallery_pagination_columns_layout":"","imic_show_gallery_title":"0","imic_gallery_masonry_to_show_on":"","imic_show_gallery_title_masonry":"0","imic_gallery_filter_columns_layout":"3","imic_show_gallery_title_filter":"0","imic_advanced_gallery_taxonomy":[],"imic_advanced_event_list_taxonomy":[],"imic_advanced_post_taxonomy":[],"imic_advanced_blog_taxonomy":[],"imic_staff_to_show_on":"","imic_staff_grid_column":"4","imic_advanced_staff_taxonomy":[],"imic_staff_select_orderby":"ID","imic_staff_select_order":"ASC","imic_staff_excerpt_length":"","imic_events_timeline_view":"future","imic_event_timeline_per_page":"","imic_blog_masonry_thumbnails":"0","imic_albums_select_orderby":"count","imic_albums_select_order":"ASC","imic_sermon_categories_custom_order":[]},"_links":{"self":[{"href":"https:\/\/pfarrverband-passau-heining.de\/kindergarten-schalding\/wp-json\/wp\/v2\/pages\/1061","targetHints":{"allow":["GET"]}}],"collection":[{"href":"https:\/\/pfarrverband-passau-heining.de\/kindergarten-schalding\/wp-json\/wp\/v2\/pages"}],"about":[{"href":"https:\/\/pfarrverband-passau-heining.de\/kindergarten-schalding\/wp-json\/wp\/v2\/types\/page"}],"author":[{"embeddable":true,"href":"https:\/\/pfarrverband-passau-heining.de\/kindergarten-schalding\/wp-json\/wp\/v2\/users\/2"}],"replies":[{"embeddable":true,"href":"https:\/\/pfarrverband-passau-heining.de\/kindergarten-schalding\/wp-json\/wp\/v2\/comments?post=1061"}],"version-history":[{"count":28,"href":"https:\/\/pfarrverband-passau-heining.de\/kindergarten-schalding\/wp-json\/wp\/v2\/pages\/1061\/revisions"}],"predecessor-version":[{"id":1734,"href":"https:\/\/pfarrverband-passau-heining.de\/kindergarten-schalding\/wp-json\/wp\/v2\/pages\/1061\/revisions\/1734"}],"wp:attachment":[{"href":"https:\/\/pfarrverband-passau-heining.de\/kindergarten-schalding\/wp-json\/wp\/v2\/media?parent=1061"}],"curies":[{"name":"wp","href":"https:\/\/api.w.org\/{rel}","templated":true}]}}