{"id":1018,"date":"2025-03-04T17:45:25","date_gmt":"2025-03-04T16:45:25","guid":{"rendered":"https:\/\/pfarrverband-passau-heining.de\/kindergarten-schalding\/?page_id=1018"},"modified":"2025-03-04T18:00:10","modified_gmt":"2025-03-04T17:00:10","slug":"anfahrt","status":"publish","type":"page","link":"https:\/\/pfarrverband-passau-heining.de\/kindergarten-schalding\/anfahrt\/","title":{"rendered":"Anfahrt"},"content":{"rendered":"\t\t<div data-elementor-type=\"wp-page\" data-elementor-id=\"1018\" class=\"elementor elementor-1018\" data-elementor-post-type=\"page\">\n\t\t\t\t\t\t<section class=\"elementor-section elementor-top-section elementor-element elementor-element-cdb594a elementor-section-boxed elementor-section-height-default elementor-section-height-default\" data-id=\"cdb594a\" data-element_type=\"section\" data-e-type=\"section\">\n\t\t\t\t\t\t<div class=\"elementor-container elementor-column-gap-default\">\n\t\t\t\t\t<div class=\"elementor-column elementor-col-100 elementor-top-column elementor-element elementor-element-5cc1b64\" data-id=\"5cc1b64\" data-element_type=\"column\" data-e-type=\"column\">\n\t\t\t<div class=\"elementor-widget-wrap elementor-element-populated\">\n\t\t\t\t\t\t<div class=\"elementor-element elementor-element-fed9f37 elementor-widget elementor-widget-google_maps\" data-id=\"fed9f37\" data-element_type=\"widget\" data-e-type=\"widget\" data-widget_type=\"google_maps.default\">\n\t\t\t\t<div class=\"elementor-widget-container\">\n\t\t\t\t\t\t\t<div class=\"elementor-custom-embed\">\n\t\t\t<iframe loading=\"lazy\"\n\t\t\t\t\tsrc=\"https:\/\/maps.google.com\/maps?q=Kindergarten%20Schalding%20St.%20Christopherus&#038;t=m&#038;z=14&#038;output=embed&#038;iwloc=near\"\n\t\t\t\t\ttitle=\"Kindergarten Schalding St. Christopherus\"\n\t\t\t\t\taria-label=\"Kindergarten Schalding St. Christopherus\"\n\t\t\t><\/iframe>\n\t\t<\/div>\n\t\t\t\t\t\t<\/div>\n\t\t\t\t<\/div>\n\t\t\t\t\t<\/div>\n\t\t<\/div>\n\t\t\t\t\t<\/div>\n\t\t<\/section>\n\t\t\t\t<section class=\"elementor-section elementor-top-section elementor-element elementor-element-fea71d4 elementor-section-boxed elementor-section-height-default elementor-section-height-default\" data-id=\"fea71d4\" data-element_type=\"section\" data-e-type=\"section\">\n\t\t\t\t\t\t<div class=\"elementor-container elementor-column-gap-default\">\n\t\t\t\t\t<div class=\"elementor-column elementor-col-100 elementor-top-column elementor-element elementor-element-4221034\" data-id=\"4221034\" data-element_type=\"column\" data-e-type=\"column\">\n\t\t\t<div class=\"elementor-widget-wrap elementor-element-populated\">\n\t\t\t\t\t\t<div class=\"elementor-element elementor-element-6985f14 elementor-widget elementor-widget-text-editor\" data-id=\"6985f14\" data-element_type=\"widget\" data-e-type=\"widget\" data-widget_type=\"text-editor.default\">\n\t\t\t\t<div class=\"elementor-widget-container\">\n\t\t\t\t\t\t\t\t\t<h4>Sie finden uns in l\u00e4ndlicher Lage mit Blick auf die Donau:<\/h4><p>&#8211; Bushaltestelle in unmittelbarer N\u00e4he<\/p><p>&#8211; 10 Gehminuten zum n\u00e4chstgelegenen Wald<\/p><p>&#8211; der Kindergarten ist direkt neben der Kirche gelegen<\/p><blockquote><p><strong>Anschrift:<\/strong> Asperreutherweg 5, Schalding r.d. Donau, 94036 Passau<\/p><\/blockquote>\t\t\t\t\t\t\t\t<\/div>\n\t\t\t\t<\/div>\n\t\t\t\t\t<\/div>\n\t\t<\/div>\n\t\t\t\t\t<\/div>\n\t\t<\/section>\n\t\t\t\t<\/div>\n\t\t","protected":false},"excerpt":{"rendered":"<p>Sie finden uns in l\u00e4ndlicher Lage mit Blick auf die Donau: &#8211; Bushaltestelle in unmittelbarer N\u00e4he &#8211; 10 Gehminuten zum n\u00e4chstgelegenen Wald &#8211; der Kindergarten ist direkt neben der Kirche [&hellip;]<\/p>\n","protected":false},"author":2,"featured_media":0,"parent":0,"menu_order":0,"comment_status":"closed","ping_status":"closed","template":"","meta":{"footnotes":""},"class_list":["post-1018","page","type-page","status-publish","hentry"],"yoast_head":"<!-- This site is optimized with the Yoast SEO plugin v27.5 - https:\/\/yoast.com\/product\/yoast-seo-wordpress\/ -->\n<title>Anfahrt - Kindergarten Schalding<\/title>\n<meta name=\"robots\" content=\"index, follow, max-snippet:-1, max-image-preview:large, max-video-preview:-1\" \/>\n<link rel=\"canonical\" href=\"https:\/\/pfarrverband-passau-heining.de\/kindergarten-schalding\/anfahrt\/\" \/>\n<meta property=\"og:locale\" content=\"de_DE\" \/>\n<meta property=\"og:type\" content=\"article\" \/>\n<meta property=\"og:title\" content=\"Anfahrt - Kindergarten Schalding\" \/>\n<meta property=\"og:description\" content=\"Sie finden uns in l\u00e4ndlicher Lage mit Blick auf die Donau: &#8211; Bushaltestelle in unmittelbarer N\u00e4he &#8211; 10 Gehminuten zum n\u00e4chstgelegenen Wald &#8211; der Kindergarten ist direkt neben der Kirche [&hellip;]\" \/>\n<meta property=\"og:url\" content=\"https:\/\/pfarrverband-passau-heining.de\/kindergarten-schalding\/anfahrt\/\" \/>\n<meta property=\"og:site_name\" content=\"Kindergarten Schalding\" \/>\n<meta property=\"article:modified_time\" content=\"2025-03-04T17:00:10+00:00\" \/>\n<meta name=\"twitter:card\" content=\"summary_large_image\" \/>\n<meta name=\"twitter:label1\" content=\"Gesch\u00e4tzte Lesezeit\" \/>\n\t<meta name=\"twitter:data1\" content=\"1\u00a0Minute\" \/>\n<script type=\"application\/ld+json\" class=\"yoast-schema-graph\">{\"@context\":\"https:\\\/\\\/schema.org\",\"@graph\":[{\"@type\":\"WebPage\",\"@id\":\"https:\\\/\\\/pfarrverband-passau-heining.de\\\/kindergarten-schalding\\\/anfahrt\\\/\",\"url\":\"https:\\\/\\\/pfarrverband-passau-heining.de\\\/kindergarten-schalding\\\/anfahrt\\\/\",\"name\":\"Anfahrt - Kindergarten Schalding\",\"isPartOf\":{\"@id\":\"https:\\\/\\\/pfarrverband-passau-heining.de\\\/kindergarten-schalding\\\/#website\"},\"datePublished\":\"2025-03-04T16:45:25+00:00\",\"dateModified\":\"2025-03-04T17:00:10+00:00\",\"breadcrumb\":{\"@id\":\"https:\\\/\\\/pfarrverband-passau-heining.de\\\/kindergarten-schalding\\\/anfahrt\\\/#breadcrumb\"},\"inLanguage\":\"de\",\"potentialAction\":[{\"@type\":\"ReadAction\",\"target\":[\"https:\\\/\\\/pfarrverband-passau-heining.de\\\/kindergarten-schalding\\\/anfahrt\\\/\"]}]},{\"@type\":\"BreadcrumbList\",\"@id\":\"https:\\\/\\\/pfarrverband-passau-heining.de\\\/kindergarten-schalding\\\/anfahrt\\\/#breadcrumb\",\"itemListElement\":[{\"@type\":\"ListItem\",\"position\":1,\"name\":\"Startseite\",\"item\":\"https:\\\/\\\/pfarrverband-passau-heining.de\\\/kindergarten-schalding\\\/\"},{\"@type\":\"ListItem\",\"position\":2,\"name\":\"Anfahrt\"}]},{\"@type\":\"WebSite\",\"@id\":\"https:\\\/\\\/pfarrverband-passau-heining.de\\\/kindergarten-schalding\\\/#website\",\"url\":\"https:\\\/\\\/pfarrverband-passau-heining.de\\\/kindergarten-schalding\\\/\",\"name\":\"Kindergarten Schalding\",\"description\":\"\",\"potentialAction\":[{\"@type\":\"SearchAction\",\"target\":{\"@type\":\"EntryPoint\",\"urlTemplate\":\"https:\\\/\\\/pfarrverband-passau-heining.de\\\/kindergarten-schalding\\\/?s={search_term_string}\"},\"query-input\":{\"@type\":\"PropertyValueSpecification\",\"valueRequired\":true,\"valueName\":\"search_term_string\"}}],\"inLanguage\":\"de\"}]}<\/script>\n<!-- \/ Yoast SEO plugin. -->","yoast_head_json":{"title":"Anfahrt - Kindergarten Schalding","robots":{"index":"index","follow":"follow","max-snippet":"max-snippet:-1","max-image-preview":"max-image-preview:large","max-video-preview":"max-video-preview:-1"},"canonical":"https:\/\/pfarrverband-passau-heining.de\/kindergarten-schalding\/anfahrt\/","og_locale":"de_DE","og_type":"article","og_title":"Anfahrt - Kindergarten Schalding","og_description":"Sie finden uns in l\u00e4ndlicher Lage mit Blick auf die Donau: &#8211; Bushaltestelle in unmittelbarer N\u00e4he &#8211; 10 Gehminuten zum n\u00e4chstgelegenen Wald &#8211; der Kindergarten ist direkt neben der Kirche [&hellip;]","og_url":"https:\/\/pfarrverband-passau-heining.de\/kindergarten-schalding\/anfahrt\/","og_site_name":"Kindergarten Schalding","article_modified_time":"2025-03-04T17:00:10+00:00","twitter_card":"summary_large_image","twitter_misc":{"Gesch\u00e4tzte Lesezeit":"1\u00a0Minute"},"schema":{"@context":"https:\/\/schema.org","@graph":[{"@type":"WebPage","@id":"https:\/\/pfarrverband-passau-heining.de\/kindergarten-schalding\/anfahrt\/","url":"https:\/\/pfarrverband-passau-heining.de\/kindergarten-schalding\/anfahrt\/","name":"Anfahrt - Kindergarten Schalding","isPartOf":{"@id":"https:\/\/pfarrverband-passau-heining.de\/kindergarten-schalding\/#website"},"datePublished":"2025-03-04T16:45:25+00:00","dateModified":"2025-03-04T17:00:10+00:00","breadcrumb":{"@id":"https:\/\/pfarrverband-passau-heining.de\/kindergarten-schalding\/anfahrt\/#breadcrumb"},"inLanguage":"de","potentialAction":[{"@type":"ReadAction","target":["https:\/\/pfarrverband-passau-heining.de\/kindergarten-schalding\/anfahrt\/"]}]},{"@type":"BreadcrumbList","@id":"https:\/\/pfarrverband-passau-heining.de\/kindergarten-schalding\/anfahrt\/#breadcrumb","itemListElement":[{"@type":"ListItem","position":1,"name":"Startseite","item":"https:\/\/pfarrverband-passau-heining.de\/kindergarten-schalding\/"},{"@type":"ListItem","position":2,"name":"Anfahrt"}]},{"@type":"WebSite","@id":"https:\/\/pfarrverband-passau-heining.de\/kindergarten-schalding\/#website","url":"https:\/\/pfarrverband-passau-heining.de\/kindergarten-schalding\/","name":"Kindergarten Schalding","description":"","potentialAction":[{"@type":"SearchAction","target":{"@type":"EntryPoint","urlTemplate":"https:\/\/pfarrverband-passau-heining.de\/kindergarten-schalding\/?s={search_term_string}"},"query-input":{"@type":"PropertyValueSpecification","valueRequired":true,"valueName":"search_term_string"}}],"inLanguage":"de"}]}},"meta_box":{"imic_strict_no_header":"0","imic_page_topbar_show":"","imic_page_specific_header":"","imic_page_logo_image":[],"imic_page_retina_logo_image":[],"imic_page_retina_logo_image_width":"","imic_page_retina_logo_image_height":"","imic_page_layout":"","imic_content_width":"","imic_content_padding_top":"","imic_content_padding_bottom":"","imic_pages_body_bg_color":"","imic_pages_body_bg_image":[],"imic_pages_body_bg_wide":"0","imic_pages_body_bg_repeat":"repeat","imic_pages_content_bg_color":"","imic_pages_content_bg_image":[],"imic_pages_content_bg_wide":"0","imic_pages_content_bg_repeat":"repeat","imic_page_header_show":"1","imic_pages_Choose_slider_display":"0","imic_header_image":[],"imic_pages_select_revolution_from_list":"","imic_pages_select_smart_from_list":"","imic_pages_slider_height":"","imic_pages_slider_image":[],"imic_pages_slider_auto_slide":"yes","imic_pages_slider_speed":"","imic_pages_slider_pagination":"yes","imic_pages_slider_direction_arrows":"yes","imic_pages_slider_effects":"fade","imic_pages_banner_color":"","imic_pages_breadcrumb_show":"1","imic_pages_title_show":"0","imic_pages_banner_bg_color":"","imic_post_page_custom_title":"","imic_pages_banner_text_color":"","imic_pages_title_alignment":"","imic_page_social_share":"1","imic_select_sidebar_from_list":"","imic_select_sidebar_position":"","imic_contact_email":"support@webinx.eu","imic_contact_subject":"","imic_our_location_text":"","imic_contact_map_display":"no","imic_contact_map_box_code":"","imic_Choose_slider_display":"0","imic_select_smart_from_list":"","imic_select_revolution_from_list":"","imic_slider_image":[],"imic_slider_auto_slide":"yes","imic_slider_speed":"","imic_slider_pagination":"yes","imic_slider_direction_arrows":"yes","imic_slider_effects":"fade","imic_switch_categories_post":"1","imic_category_to_show_on_home":["6"],"imic_number_of_post_cat":[],"imic_upcoming_area":"1","imic_latest_sermon_events_to_show_on":"letest_event","imic_custom_text_message":"","imic_advanced_event_taxonomy":[],"imic_going_on_events":"1","imic_custom_going_on_events_title":"","imic_advanced_sermons_category":[],"imic_all_event_sermon_url":"","imic_imic_featured_blocks":"1","imic_home_featured_blocks":"","imic_home_row_featured_blocks":[],"imic_home_featured_blocks1":"","imic_home_featured_blocks2":"","imic_home_featured_blocks3":"","imic_imic_upcoming_events":"1","imic_upcoming_event_taxonomy":[],"imic_custom_upcoming_events_title":"","imic_events_to_show_on":"","imic_imic_recent_posts":"1","imic_recent_post_taxonomy":[],"imic_custom_latest_news_title":"","imic_posts_to_show_on":"","imic_recent_posts_rmbutton":"2","imic_recent_posts_rmbutton_text":"","imic_imic_galleries":"1","imic_home_gallery_taxonomy":[],"imic_custom_gallery_title":"","imic_custom_more_galleries_title":"","imic_custom_more_galleries_url":"","imic_galleries_to_show_on":"","imic_galleries_background_image":[],"imic_switch_sermon_album":"1","imic_custom_albums_title":"","imic_number_of_sermon_albums":"","imic_sermon_albums_url":"","imic_gallery_pagination_to_show_on":"","imic_gallery_pagination_columns_layout":"","imic_show_gallery_title":"0","imic_gallery_masonry_to_show_on":"","imic_show_gallery_title_masonry":"0","imic_gallery_filter_columns_layout":"3","imic_show_gallery_title_filter":"0","imic_advanced_gallery_taxonomy":[],"imic_advanced_event_list_taxonomy":[],"imic_advanced_post_taxonomy":[],"imic_advanced_blog_taxonomy":[],"imic_staff_to_show_on":"","imic_staff_grid_column":"4","imic_advanced_staff_taxonomy":[],"imic_staff_select_orderby":"ID","imic_staff_select_order":"ASC","imic_staff_excerpt_length":"","imic_events_timeline_view":"future","imic_event_timeline_per_page":"","imic_blog_masonry_thumbnails":"0","imic_albums_select_orderby":"count","imic_albums_select_order":"ASC","imic_sermon_categories_custom_order":[]},"_links":{"self":[{"href":"https:\/\/pfarrverband-passau-heining.de\/kindergarten-schalding\/wp-json\/wp\/v2\/pages\/1018","targetHints":{"allow":["GET"]}}],"collection":[{"href":"https:\/\/pfarrverband-passau-heining.de\/kindergarten-schalding\/wp-json\/wp\/v2\/pages"}],"about":[{"href":"https:\/\/pfarrverband-passau-heining.de\/kindergarten-schalding\/wp-json\/wp\/v2\/types\/page"}],"author":[{"embeddable":true,"href":"https:\/\/pfarrverband-passau-heining.de\/kindergarten-schalding\/wp-json\/wp\/v2\/users\/2"}],"replies":[{"embeddable":true,"href":"https:\/\/pfarrverband-passau-heining.de\/kindergarten-schalding\/wp-json\/wp\/v2\/comments?post=1018"}],"version-history":[{"count":25,"href":"https:\/\/pfarrverband-passau-heining.de\/kindergarten-schalding\/wp-json\/wp\/v2\/pages\/1018\/revisions"}],"predecessor-version":[{"id":1046,"href":"https:\/\/pfarrverband-passau-heining.de\/kindergarten-schalding\/wp-json\/wp\/v2\/pages\/1018\/revisions\/1046"}],"wp:attachment":[{"href":"https:\/\/pfarrverband-passau-heining.de\/kindergarten-schalding\/wp-json\/wp\/v2\/media?parent=1018"}],"curies":[{"name":"wp","href":"https:\/\/api.w.org\/{rel}","templated":true}]}}